{"id":19515,"date":"2026-02-27T15:10:25","date_gmt":"2026-02-27T15:10:25","guid":{"rendered":"https:\/\/frame-mill.com\/?post_type=product&#038;p=19515"},"modified":"2026-03-18T12:04:13","modified_gmt":"2026-03-18T12:04:13","slug":"credits","status":"publish","type":"product","link":"https:\/\/frame-mill.com\/tr\/urun\/credits\/","title":{"rendered":"Krediler"},"content":{"rendered":"","protected":false},"excerpt":{"rendered":"<p data-start=\"25\" data-end=\"223\">Krediler, platformda g\u00f6rseller olu\u015fturmak i\u00e7in kullan\u0131lan dijital tokenlerdir. Her g\u00f6rsel i\u00e7in ayr\u0131 ayr\u0131 \u00f6deme yapmak yerine, \u00f6nceden kredi sat\u0131n alabilir ve yeni bir g\u00f6rsel olu\u015fturdu\u011funuzda bunlar\u0131 kullanabilirsiniz.<\/p>\n<p data-start=\"225\" data-end=\"269\"><strong data-start=\"225\" data-end=\"269\">1 kredi ile 1 g\u00f6rsel olu\u015fturabilirsiniz.<\/strong><\/p>\n<p data-start=\"271\" data-end=\"394\">Sat\u0131n alma i\u015flemi tamamland\u0131ktan sonra, krediler otomatik olarak bakiyenize eklenir ve an\u0131nda kullan\u0131ma haz\u0131r hale gelir.<\/p>\n<p data-start=\"396\" data-end=\"417\"><strong data-start=\"396\" data-end=\"417\">Kredi sistemi \u015fu \u015fekilde i\u015fler:<\/strong><\/p>\n<ul>\n<li data-start=\"421\" data-end=\"460\">Olu\u015fturulan her bir g\u00f6r\u00fcnt\u00fcn\u00fcn maliyeti vard\u0131r.\u00a0<strong data-start=\"448\" data-end=\"460\">1 kredi<\/strong><\/li>\n<li data-start=\"421\" data-end=\"460\">Krediler, \u00fcretim s\u0131ras\u0131nda otomatik olarak d\u00fc\u015f\u00fcl\u00fcr.<\/li>\n<li data-start=\"421\" data-end=\"460\">\u00d6deme i\u015flemi tamamland\u0131ktan sonra, sat\u0131n al\u0131nan krediler an\u0131nda hesab\u0131n\u0131zda g\u00f6r\u00fcn\u00fcr.<\/li>\n<li data-start=\"421\" data-end=\"460\">Bakiyeniz, t\u00fcm krediler kullan\u0131lana kadar aktif kal\u0131r.<\/li>\n<\/ul>\n<p data-start=\"644\" data-end=\"717\"><strong data-start=\"644\" data-end=\"656\">\u00d6rnek:<\/strong><br data-start=\"656\" data-end=\"659\" \/>E\u011fer sat\u0131n al\u0131rsan\u0131z\u00a0<strong data-start=\"670\" data-end=\"684\">15 kredi<\/strong>, \u00fcretebilirsiniz\u00a0<strong data-start=\"703\" data-end=\"716\">15 resim<\/strong>.<\/p>\n<p data-start=\"719\" data-end=\"869\" data-is-last-node=\"\" data-is-only-node=\"\">Kredi sat\u0131n almak, olu\u015fturma s\u00fcrecini daha h\u0131zl\u0131 ve kolay hale getirir; b\u00f6ylece her seferinde \u00f6deme i\u015flemini tekrarlamadan g\u00f6rseller olu\u015fturabilirsiniz.<\/p>","protected":false},"featured_media":19436,"comment_status":"open","ping_status":"closed","template":"","meta":[],"product_brand":[],"product_cat":[],"product_tag":[],"class_list":{"0":"post-19515","1":"product","2":"type-product","3":"status-publish","4":"has-post-thumbnail","7":"first","8":"instock","9":"shipping-taxable","10":"purchasable","11":"product-type-simple"},"_links":{"self":[{"href":"https:\/\/frame-mill.com\/tr\/wp-json\/wp\/v2\/product\/19515","targetHints":{"allow":["GET"]}}],"collection":[{"href":"https:\/\/frame-mill.com\/tr\/wp-json\/wp\/v2\/product"}],"about":[{"href":"https:\/\/frame-mill.com\/tr\/wp-json\/wp\/v2\/types\/product"}],"replies":[{"embeddable":true,"href":"https:\/\/frame-mill.com\/tr\/wp-json\/wp\/v2\/comments?post=19515"}],"wp:featuredmedia":[{"embeddable":true,"href":"https:\/\/frame-mill.com\/tr\/wp-json\/wp\/v2\/media\/19436"}],"wp:attachment":[{"href":"https:\/\/frame-mill.com\/tr\/wp-json\/wp\/v2\/media?parent=19515"}],"wp:term":[{"taxonomy":"product_brand","embeddable":true,"href":"https:\/\/frame-mill.com\/tr\/wp-json\/wp\/v2\/product_brand?post=19515"},{"taxonomy":"product_cat","embeddable":true,"href":"https:\/\/frame-mill.com\/tr\/wp-json\/wp\/v2\/product_cat?post=19515"},{"taxonomy":"product_tag","embeddable":true,"href":"https:\/\/frame-mill.com\/tr\/wp-json\/wp\/v2\/product_tag?post=19515"}],"curies":[{"name":"wp","href":"https:\/\/api.w.org\/{rel}","templated":true}]}}