{"id":4373,"date":"2025-06-14T04:28:48","date_gmt":"2025-06-14T04:28:48","guid":{"rendered":"https:\/\/dreamslab.bravisthemes.com\/?page_id=4373"},"modified":"2025-06-14T04:28:48","modified_gmt":"2025-06-14T04:28:48","slug":"interactive-links","status":"publish","type":"page","link":"https:\/\/frame-mill.com\/tr\/interactive-links\/","title":{"rendered":"Etkile\u015fimli Ba\u011flant\u0131lar"},"content":{"rendered":"<div data-elementor-type=\"wp-page\" data-elementor-id=\"4373\" class=\"elementor elementor-4373\" data-elementor-post-type=\"page\">\n\t\t\t\t<div class=\"elementor-element elementor-element-2fc8ba3 e-flex e-con-boxed pxl-row-scroll-none pxl-column-none pxl-full-content-with-space-none e-con e-parent\" data-id=\"2fc8ba3\" data-element_type=\"container\">\t\t\t<div class=\"e-con-inner\">\r\n\t\t\t\t<div class=\"elementor-element elementor-element-94c2058 pxl-post-layout-portfolio-3 elementor-widget elementor-widget-pxl_post_grid\" data-id=\"94c2058\" data-element_type=\"widget\" data-widget_type=\"pxl_post_grid.default\">\n\t\t\t\t<div class=\"elementor-widget-container\">\n\t\t\t\t\t\n<div id=\"pxl_post_grid-94c2058-7497\" class=\"pxl-grid pxl-portfolio-grid pxl-portfolio-grid-layout3 pxl-portfolio-style3\" data-start-page=\"1\" data-max-pages=\"2\" data-total=\"12\" data-perpage=\"6\" data-next-link=\"https:\/\/frame-mill.com\/tr\/wp-json\/wp\/v2\/pages\/4373\/page\/2\/\" data-layout=\"masonry\">\n            <div class=\"pxl-grid-filter\">\n            <div class=\"pxl--filter-inner\">\n                <span class=\"filter-item active\" data-filter=\"*\">\n                    All Case                                    <\/span>\n                                        <span class=\"filter-item\" data-filter=\".branding\">\n                            Branding                                                    <\/span>\n                                                            <span class=\"filter-item\" data-filter=\".creative\">\n                            creative                                                    <\/span>\n                                                            <span class=\"filter-item\" data-filter=\".digital-marketing\">\n                            digital marketing                                                    <\/span>\n                                                            <span class=\"filter-item\" data-filter=\".graphic-design\">\n                            graphic design                                                    <\/span>\n                                                            <span class=\"filter-item\" data-filter=\".website-design\">\n                            website design                                                    <\/span>\n                                                <\/div>\n            <div class=\"filter-marker\"><\/div>\n        <\/div>\n        <div class=\"pxl-grid-inner pxl-grid-masonry row\" data-gutter=\"15\">\n        <div class=\"grid-sizer col-xxl-12 col-xl-12 col-lg-12 col-md-12 col-sm-12 col-12\"><\/div>\n                        <div class=\"pxl-grid-item col-xxl-12 col-xl-12 col-lg-12 col-md-12 col-sm-12 col-12 creative digital-marketing fade-in-up\" data-target=\".item-img-0\">\n                    <div class=\"pxl-post--inner\" data-wow-duration=\"1.2s\">\n                        <div class=\"pxl-post--holder\">\n                            <h5 class=\"pxl-post--title\">\n                                <a href=\"https:\/\/frame-mill.com\/tr\/portfolio\/elevating-visual-narratives\/\">   \n                                    Elevating Visual Narratives                                <\/a>\n                            <\/h5>\n                                                            <div class=\"pxl-post--category\">\n                                    \/\/ <a href=\"https:\/\/frame-mill.com\/tr\/portfolio\/creative\/\" rel=\"tag\">creative<\/a>, <a href=\"https:\/\/frame-mill.com\/tr\/portfolio\/digital-marketing\/\" rel=\"tag\">digital marketing<\/a>                                <\/div>\n                                                    <\/div>\n                    <\/div>\n                <\/div>\n                                    <div class=\"pxl-grid-item col-xxl-12 col-xl-12 col-lg-12 col-md-12 col-sm-12 col-12 branding graphic-design fade-in-up\" data-target=\".item-img-1\">\n                    <div class=\"pxl-post--inner\" data-wow-duration=\"1.2s\">\n                        <div class=\"pxl-post--holder\">\n                            <h5 class=\"pxl-post--title\">\n                                <a href=\"https:\/\/frame-mill.com\/tr\/portfolio\/__trashed\/\">   \n                                    Telling Stories That Matter                                <\/a>\n                            <\/h5>\n                                                            <div class=\"pxl-post--category\">\n                                    \/\/ <a href=\"https:\/\/frame-mill.com\/tr\/portfolio\/branding\/\" rel=\"tag\">Branding<\/a>, <a href=\"https:\/\/frame-mill.com\/tr\/portfolio\/graphic-design\/\" rel=\"tag\">graphic design<\/a>                                <\/div>\n                                                    <\/div>\n                    <\/div>\n                <\/div>\n                                    <div class=\"pxl-grid-item col-xxl-12 col-xl-12 col-lg-12 col-md-12 col-sm-12 col-12 branding creative fade-in-up\" data-target=\".item-img-2\">\n                    <div class=\"pxl-post--inner\" data-wow-duration=\"1.2s\">\n                        <div class=\"pxl-post--holder\">\n                            <h5 class=\"pxl-post--title\">\n                                <a href=\"https:\/\/frame-mill.com\/tr\/portfolio\/the-art-of-digital-storytelling\/\">   \n                                    From Concept to Impact                                <\/a>\n                            <\/h5>\n                                                            <div class=\"pxl-post--category\">\n                                    \/\/ <a href=\"https:\/\/frame-mill.com\/tr\/portfolio\/branding\/\" rel=\"tag\">Branding<\/a>, <a href=\"https:\/\/frame-mill.com\/tr\/portfolio\/creative\/\" rel=\"tag\">creative<\/a>                                <\/div>\n                                                    <\/div>\n                    <\/div>\n                <\/div>\n                                    <div class=\"pxl-grid-item col-xxl-12 col-xl-12 col-lg-12 col-md-12 col-sm-12 col-12 digital-marketing website-design fade-in-up\" data-target=\".item-img-3\">\n                    <div class=\"pxl-post--inner\" data-wow-duration=\"1.2s\">\n                        <div class=\"pxl-post--holder\">\n                            <h5 class=\"pxl-post--title\">\n                                <a href=\"https:\/\/frame-mill.com\/tr\/portfolio\/the-art-of-digital-storytelling-2\/\">   \n                                    The Art of Digital Storytelling                                <\/a>\n                            <\/h5>\n                                                            <div class=\"pxl-post--category\">\n                                    \/\/ <a href=\"https:\/\/frame-mill.com\/tr\/portfolio\/digital-marketing\/\" rel=\"tag\">digital marketing<\/a>, <a href=\"https:\/\/frame-mill.com\/tr\/portfolio\/website-design\/\" rel=\"tag\">website design<\/a>                                <\/div>\n                                                    <\/div>\n                    <\/div>\n                <\/div>\n                                    <div class=\"pxl-grid-item col-xxl-12 col-xl-12 col-lg-12 col-md-12 col-sm-12 col-12 creative website-design fade-in-up\" data-target=\".item-img-4\">\n                    <div class=\"pxl-post--inner\" data-wow-duration=\"1.2s\">\n                        <div class=\"pxl-post--holder\">\n                            <h5 class=\"pxl-post--title\">\n                                <a href=\"https:\/\/frame-mill.com\/tr\/portfolio\/bringing-brands-to-life\/\">   \n                                    Bringing Brands to Life                                <\/a>\n                            <\/h5>\n                                                            <div class=\"pxl-post--category\">\n                                    \/\/ <a href=\"https:\/\/frame-mill.com\/tr\/portfolio\/creative\/\" rel=\"tag\">creative<\/a>, <a href=\"https:\/\/frame-mill.com\/tr\/portfolio\/website-design\/\" rel=\"tag\">website design<\/a>                                <\/div>\n                                                    <\/div>\n                    <\/div>\n                <\/div>\n                                    <div class=\"pxl-grid-item col-xxl-12 col-xl-12 col-lg-12 col-md-12 col-sm-12 col-12 branding website-design fade-in-up\" data-target=\".item-img-5\">\n                    <div class=\"pxl-post--inner\" data-wow-duration=\"1.2s\">\n                        <div class=\"pxl-post--holder\">\n                            <h5 class=\"pxl-post--title\">\n                                <a href=\"https:\/\/frame-mill.com\/tr\/portfolio\/redefining-creativity\/\">   \n                                    Redefining Creativity                                <\/a>\n                            <\/h5>\n                                                            <div class=\"pxl-post--category\">\n                                    \/\/ <a href=\"https:\/\/frame-mill.com\/tr\/portfolio\/branding\/\" rel=\"tag\">Branding<\/a>, <a href=\"https:\/\/frame-mill.com\/tr\/portfolio\/website-design\/\" rel=\"tag\">website design<\/a>                                <\/div>\n                                                    <\/div>\n                    <\/div>\n                <\/div>\n                            <div class=\"pxl-imgs-hover absolute\">\n                                                                            <div class=\"img-item pxl-absoluted overflow-hidden item-img-0\">\n                    <div class=\"img-inner pxl-absoluted overflow-hidden\">\n                        <img decoding=\"async\" src=\"https:\/\/frame-mill.com\/wp-content\/uploads\/2025\/06\/wok13.webp\" class=\"no-lazyload img-hv-ac img-cover-center w-100 h-100 attachment-full\" alt=\"\" \/>                    <\/div>\n                <\/div>\n                                                                                    <div class=\"img-item pxl-absoluted overflow-hidden item-img-1\">\n                    <div class=\"img-inner pxl-absoluted overflow-hidden\">\n                        <img decoding=\"async\" src=\"https:\/\/frame-mill.com\/wp-content\/uploads\/2025\/06\/wok12.webp\" class=\"no-lazyload img-hv-ac img-cover-center w-100 h-100 attachment-full\" alt=\"\" \/>                    <\/div>\n                <\/div>\n                                                                                    <div class=\"img-item pxl-absoluted overflow-hidden item-img-2\">\n                    <div class=\"img-inner pxl-absoluted overflow-hidden\">\n                        <img decoding=\"async\" src=\"https:\/\/frame-mill.com\/wp-content\/uploads\/2025\/06\/work9.webp\" class=\"no-lazyload img-hv-ac img-cover-center w-100 h-100 attachment-full\" alt=\"\" \/>                    <\/div>\n                <\/div>\n                                                                                    <div class=\"img-item pxl-absoluted overflow-hidden item-img-3\">\n                    <div class=\"img-inner pxl-absoluted overflow-hidden\">\n                        <img decoding=\"async\" src=\"https:\/\/frame-mill.com\/wp-content\/uploads\/2025\/06\/work8.webp\" class=\"no-lazyload img-hv-ac img-cover-center w-100 h-100 attachment-full\" alt=\"\" \/>                    <\/div>\n                <\/div>\n                                                                                    <div class=\"img-item pxl-absoluted overflow-hidden item-img-4\">\n                    <div class=\"img-inner pxl-absoluted overflow-hidden\">\n                        <img decoding=\"async\" src=\"https:\/\/frame-mill.com\/wp-content\/uploads\/2025\/06\/work7.webp\" class=\"no-lazyload img-hv-ac img-cover-center w-100 h-100 attachment-full\" alt=\"\" \/>                    <\/div>\n                <\/div>\n                                                                                    <div class=\"img-item pxl-absoluted overflow-hidden item-img-5\">\n                    <div class=\"img-inner pxl-absoluted overflow-hidden\">\n                        <img decoding=\"async\" src=\"https:\/\/frame-mill.com\/wp-content\/uploads\/2025\/06\/work6.webp\" class=\"no-lazyload img-hv-ac img-cover-center w-100 h-100 attachment-full\" alt=\"\" \/>                    <\/div>\n                <\/div>\n                        <\/div>\n    <\/div>\n        <\/div>\t\t\t\t<\/div>\n\t\t\t\t<\/div>\n\t\t\t\t\t<\/div>\r\n\t\t\t\t<\/div>\r\n\t\t\t\t<\/div>","protected":false},"excerpt":{"rendered":"<p>All Case brands digital graphic design marketing website From Concept to Impact \/\/ digital, marketing Bringing Brands to Life \/\/ graphic design, marketing Redefining Creativity \/\/ digital, website Pioneering Bold Concepts \/\/ brands, website Empowering Brands Through Unique Visuals \/\/ brands, digital Marketing with Emotion \/\/ marketing, website<\/p>","protected":false},"author":1,"featured_media":0,"parent":0,"menu_order":0,"comment_status":"closed","ping_status":"closed","template":"","meta":{"footnotes":""},"class_list":["post-4373","page","type-page","status-publish","hentry"],"_links":{"self":[{"href":"https:\/\/frame-mill.com\/tr\/wp-json\/wp\/v2\/pages\/4373","targetHints":{"allow":["GET"]}}],"collection":[{"href":"https:\/\/frame-mill.com\/tr\/wp-json\/wp\/v2\/pages"}],"about":[{"href":"https:\/\/frame-mill.com\/tr\/wp-json\/wp\/v2\/types\/page"}],"author":[{"embeddable":true,"href":"https:\/\/frame-mill.com\/tr\/wp-json\/wp\/v2\/users\/1"}],"replies":[{"embeddable":true,"href":"https:\/\/frame-mill.com\/tr\/wp-json\/wp\/v2\/comments?post=4373"}],"version-history":[{"count":0,"href":"https:\/\/frame-mill.com\/tr\/wp-json\/wp\/v2\/pages\/4373\/revisions"}],"wp:attachment":[{"href":"https:\/\/frame-mill.com\/tr\/wp-json\/wp\/v2\/media?parent=4373"}],"curies":[{"name":"wp","href":"https:\/\/api.w.org\/{rel}","templated":true}]}}