{"id":2721,"date":"2025-06-04T07:36:30","date_gmt":"2025-06-04T07:36:30","guid":{"rendered":"https:\/\/dreamslab.bravisthemes.com\/?page_id=2721"},"modified":"2025-06-04T07:36:30","modified_gmt":"2025-06-04T07:36:30","slug":"working-process","status":"publish","type":"page","link":"https:\/\/frame-mill.com\/tr\/working-process\/","title":{"rendered":"\u00c7al\u0131\u015fma S\u00fcreci"},"content":{"rendered":"<div data-elementor-type=\"wp-page\" data-elementor-id=\"2721\" class=\"elementor elementor-2721\" data-elementor-post-type=\"page\">\n\t\t\t\t<div class=\"elementor-element elementor-element-87b73c2 e-flex e-con-boxed pxl-row-scroll-none pxl-column-none pxl-full-content-with-space-none e-con e-parent\" data-id=\"87b73c2\" data-element_type=\"container\">\t\t\t<div class=\"e-con-inner\">\r\n\t\t\t\t<div class=\"elementor-element elementor-element-9f2d3cb scroll-item-run scroll-item-left elementor-widget elementor-widget-pxl_process\" data-id=\"9f2d3cb\" data-element_type=\"widget\" data-widget_type=\"pxl_process.default\">\n\t\t\t\t<div class=\"elementor-widget-container\">\n\t\t\t\t\t<div class=\"pxl-process pxl-process1  style-default\" data-wow-delay=\"ms\">\r\n            <div class=\"pxl-item--step\">\r\n            1        <\/div>\r\n        <div class=\"pxl-item--inner\">\r\n                    <div class=\"pxl-item--image\">\r\n                <img decoding=\"async\" src=\"https:\/\/frame-mill.com\/wp-content\/uploads\/2025\/06\/process1.webp\" class=\"attachment-full\" alt=\"\" \/>            <\/div>\r\n                <div class=\"pxl-icon\"><svg xmlns=\"http:\/\/www.w3.org\/2000\/svg\" id=\"Shape_B\" viewbox=\"0 0 100 100\"><path d=\"m94.06 38.03-32.09-32.09-11.97 11.97-11.97-11.97-32.09 32.09 11.97 11.97-11.97 11.97 32.09 32.09 11.97-11.97 11.97 11.97 32.09-32.09-11.97-11.97zm-44.06 37.06-25.09-25.09 25.09-25.09 25.09 25.09z\"><\/path><\/svg><\/div>        <div class=\"wrap-content\">\r\n            <h5 class=\"pxl-item--title el-empty\">Ad\u0131m 1. Ke\u015fif ve Ara\u015ft\u0131rma<\/h5>\r\n            <div class=\"pxl-item--description el-empty\">M\u00fc\u015fterilerimizle tan\u0131\u015fmay\u0131 ve isteklerinizi anlamay\u0131 \u00e7ok seviyoruz. Profesyonel becerilerimiz sayesinde, m\u00fc\u015fterilerimizin ihtiya\u00e7lar\u0131n\u0131 ve b\u00fct\u00e7elerini dikkatlice dinleyerek beklentilerinizi a\u015fmay\u0131 hedefledi\u011fimiz i\u00e7in, projeniz i\u00e7in bizi g\u00fcvenle g\u00f6revlendirebilirsiniz.<\/div>\r\n                        <ul class=\"pxl-list-text\">\r\n                                    <li class=\"pxl--item\">\r\n                        Lorem ipsum dolor sit amet, consectetur adipiscing elit.                    <\/li>\r\n                                    <li class=\"pxl--item\">\r\n                        Phasellus elit eros, ultrices ve ultrices sollicitudin, suscipit sit amet nulla.                    <\/li>\r\n                                    <li class=\"pxl--item\">\r\n                        Donec maximus velit eski. Aenean at Erat in Felis Tempor.                    <\/li>\r\n                                <\/ul>             <\/div>\r\n        <\/div>\r\n    <\/div>\t\t\t\t<\/div>\n\t\t\t\t<\/div>\n\t\t\t\t<div class=\"elementor-element elementor-element-e3ae1d2 scroll-item-run scroll-item-left elementor-widget elementor-widget-pxl_process\" data-id=\"e3ae1d2\" data-element_type=\"widget\" data-widget_type=\"pxl_process.default\">\n\t\t\t\t<div class=\"elementor-widget-container\">\n\t\t\t\t\t<div class=\"pxl-process pxl-process1  style-2\" data-wow-delay=\"ms\">\r\n            <div class=\"pxl-item--step\">\r\n            2        <\/div>\r\n        <div class=\"pxl-item--inner\">\r\n                    <div class=\"pxl-item--image\">\r\n                <img decoding=\"async\" src=\"https:\/\/frame-mill.com\/wp-content\/uploads\/2025\/06\/process2.webp\" class=\"attachment-full\" alt=\"\" \/>            <\/div>\r\n                <div class=\"pxl-icon\"><svg xmlns=\"http:\/\/www.w3.org\/2000\/svg\" id=\"Shape_B\" viewbox=\"0 0 100 100\"><path d=\"m93.07 17.64-.23-.17-22.82-12.42-.04-.02c-.21-.11-.51-.15-.74-.12l-61.18 8.61c-.38.05-.76.27-1.03.6s-.42.75-.42 1.15l-.12 66.03c0 .41.16.8.43 1.06l.23.17 22.82 12.42.04.02c.11.06.25.1.38.12l.21.02c.17.04 61.15-8.63 61.34-8.61.38-.05.74-.27 1.02-.6.27-.33.42-.75.42-1.15l.12-66.03c0-.41-.16-.8-.43-1.06zm-25.15 53.73-35.94 5.05c0-.07.09-47.7.09-47.8l35.94-5.05c0 .07-.09 47.7-.09 47.8z\"><\/path><\/svg><\/div>        <div class=\"wrap-content\">\r\n            <h5 class=\"pxl-item--title el-empty\">Ad\u0131m 2. Strateji Geli\u015ftirme<\/h5>\r\n            <div class=\"pxl-item--description el-empty\">Profesyonel hizmetler i\u00e7in atama i\u015flemimizin ard\u0131ndan, a\u015fa\u011f\u0131daki hususlar\u0131 da i\u00e7eren daha detayl\u0131 bir Proje \u00d6zeti Toplant\u0131s\u0131 i\u00e7in bir saha ziyareti d\u00fczenleyece\u011fiz:<\/div>\r\n                        <ul class=\"pxl-list-text\">\r\n                                    <li class=\"pxl--item\">\r\n                        Proje Sonu\u00e7lar\u0131                     <\/li>\r\n                                    <li class=\"pxl--item\">\r\n                        Kalite Hedefleri                    <\/li>\r\n                                    <li class=\"pxl--item\">\r\n                        Proje B\u00fct\u00e7e Kayna\u011f\u0131                    <\/li>\r\n                                    <li class=\"pxl--item\">\r\n                        Proje Program\u0131\/Zaman \u00c7izelgesi\n                    <\/li>\r\n                                    <li class=\"pxl--item\">\r\n                        Mekansal Gereksinimler                    <\/li>\r\n                                    <li class=\"pxl--item\">\r\n                        Proje Tasar\u0131m Ekibi                    <\/li>\r\n                                <\/ul>             <\/div>\r\n        <\/div>\r\n    <\/div>\t\t\t\t<\/div>\n\t\t\t\t<\/div>\n\t\t\t\t<div class=\"elementor-element elementor-element-c38b1b0 scroll-item-run scroll-item-left elementor-widget elementor-widget-pxl_process\" data-id=\"c38b1b0\" data-element_type=\"widget\" data-widget_type=\"pxl_process.default\">\n\t\t\t\t<div class=\"elementor-widget-container\">\n\t\t\t\t\t<div class=\"pxl-process pxl-process1  style-default\" data-wow-delay=\"ms\">\r\n            <div class=\"pxl-item--step\">\r\n            3        <\/div>\r\n        <div class=\"pxl-item--inner\">\r\n                    <div class=\"pxl-item--image\">\r\n                <img decoding=\"async\" src=\"https:\/\/frame-mill.com\/wp-content\/uploads\/2025\/06\/process3.webp\" class=\"attachment-full\" alt=\"\" \/>            <\/div>\r\n                <div class=\"pxl-icon\"><svg xmlns=\"http:\/\/www.w3.org\/2000\/svg\" id=\"Shape_B\" viewbox=\"0 0 100 100\"><path d=\"m99.96 33.75-17.73-12.64-8.43 11.82-16.57-11.82-8.43 11.82-16.57-11.82-32.19 45.14 17.73 12.64 8.43-11.82 16.57 11.82 8.43-11.82 16.57 11.82z\"><\/path><\/svg><\/div>        <div class=\"wrap-content\">\r\n            <h5 class=\"pxl-item--title el-empty\">3. Ad\u0131m. Yarat\u0131c\u0131 Konsept Geli\u015ftirme<\/h5>\r\n            <div class=\"pxl-item--description el-empty\"><span>\u00d6ncelikle, mevcut kat planlar\u0131n\u0131z\u0131, mimari kesitlerinizi ve cephe \u00e7izimlerinizi bilgisayar ortam\u0131nda olu\u015fturmaya ba\u015flayaca\u011f\u0131z.<\/span>\n<span>Bu a\u015famadan itibaren, tasar\u0131m\u0131n\u0131za stratejik m\u00fchendisli\u011fi de dahil ederek mimari konsept tasar\u0131m\u0131n\u0131z\u0131 haz\u0131rlamaya ba\u015flayaca\u011f\u0131z. Bize belirli bir tasar\u0131mla gelmi\u015f olabilirsiniz, ancak projenize ba\u011fl\u0131 olarak bu a\u015famada onu \u00e7izece\u011fiz.<\/span><\/div>\r\n                        <\/div>\r\n        <\/div>\r\n    <\/div>\t\t\t\t<\/div>\n\t\t\t\t<\/div>\n\t\t\t\t<div class=\"elementor-element elementor-element-4c52637 scroll-item-run scroll-item-left elementor-widget elementor-widget-pxl_process\" data-id=\"4c52637\" data-element_type=\"widget\" data-widget_type=\"pxl_process.default\">\n\t\t\t\t<div class=\"elementor-widget-container\">\n\t\t\t\t\t<div class=\"pxl-process pxl-process1  style-default\" data-wow-delay=\"ms\">\r\n            <div class=\"pxl-item--step\">\r\n            4        <\/div>\r\n        <div class=\"pxl-item--inner\">\r\n                    <div class=\"pxl-item--image\">\r\n                <img decoding=\"async\" src=\"https:\/\/frame-mill.com\/wp-content\/uploads\/2025\/06\/process4.webp\" class=\"attachment-full\" alt=\"\" \/>            <\/div>\r\n                <div class=\"pxl-icon\"><svg xmlns=\"http:\/\/www.w3.org\/2000\/svg\" xmlns:xlink=\"http:\/\/www.w3.org\/1999\/xlink\" id=\"Capa_1\" x=\"0px\" y=\"0px\" viewbox=\"0 0 490 490\" style=\"enable-background:new 0 0 490 490;\" xml:space=\"preserve\"><g>\t<rect width=\"219.352\" height=\"219.352\"><\/rect>\t<rect x=\"270.648\" width=\"219.352\" height=\"219.352\"><\/rect>\t<rect y=\"270.648\" width=\"219.352\" height=\"219.352\"><\/rect><\/g><g><\/g><g><\/g><g><\/g><g><\/g><g><\/g><g><\/g><g><\/g><g><\/g><g><\/g><g><\/g><g><\/g><g><\/g><g><\/g><g><\/g><g><\/g><\/svg><\/div>        <div class=\"wrap-content\">\r\n            <h5 class=\"pxl-item--title el-empty\">4. Ad\u0131m. Y\u00fcr\u00fctme ve Uygulama<\/h5>\r\n            <div class=\"pxl-item--description el-empty\"><span>Bu a\u015famada, planlama ba\u015fvurunuz i\u00e7in onaylanm\u0131\u015f tasar\u0131m \u00e7izimlerinizi haz\u0131rl\u0131yoruz ve planlama portal\u0131n\u0131 kullanarak planlama ba\u015fvurunuzu g\u00f6nderiyoruz. <\/span>\n<span>\nBa\u015fvuru daha sonra ilgili planlama makam\u0131na iletilir ve onlar da sunulan t\u00fcm bilgileri incelerler. Her \u015feyin al\u0131nd\u0131\u011f\u0131ndan emin olduktan sonra i\u015flem tamamlan\u0131r.<\/span><\/div>\r\n                        <\/div>\r\n        <\/div>\r\n    <\/div>\t\t\t\t<\/div>\n\t\t\t\t<\/div>\n\t\t\t\t\t<\/div>\r\n\t\t\t\t<\/div>\r\n\t\t<div class=\"elementor-element elementor-element-84b22f9 e-con-full e-flex pxl-row-scroll-none pxl-column-none pxl-full-content-with-space-none e-con e-parent\" data-id=\"84b22f9\" data-element_type=\"container\" data-settings=\"{&quot;background_background&quot;:&quot;classic&quot;}\"><div class=\"elementor-element elementor-element-861f946 e-con-full e-flex pxl-row-scroll-none pxl-column-none pxl-full-content-with-space-none e-con e-child\" data-id=\"861f946\" data-element_type=\"container\" data-settings=\"{&quot;background_background&quot;:&quot;classic&quot;}\"><div class=\"elementor-element elementor-element-3416be6 e-flex e-con-boxed pxl-row-scroll-none pxl-column-none pxl-full-content-with-space-none e-con e-child\" data-id=\"3416be6\" data-element_type=\"container\">\t\t\t<div class=\"e-con-inner\">\r\n\t\t<div class=\"elementor-element elementor-element-332eef0 e-con-full e-flex pxl-row-scroll-none pxl-column-none pxl-full-content-with-space-none elementor-invisible e-con e-child\" data-id=\"332eef0\" data-element_type=\"container\" data-settings=\"{&quot;animation&quot;:&quot;fadeInLeft&quot;}\">\t\t<div class=\"elementor-element elementor-element-07ada80 elementor-widget elementor-widget-pxl_heading\" data-id=\"07ada80\" data-element_type=\"widget\" data-widget_type=\"pxl_heading.default\">\n\t\t\t\t<div class=\"elementor-widget-container\">\n\t\t\t\t\t\n<div id=\"pxl-pxl_heading-07ada80-4101\" \n\tclass=\"pxl-heading  px-sub-title-default style-default-style\" \n\tdata-pxl-parallax='{&quot;x&quot;:0,&quot;y&quot;:0,&quot;z&quot;:0}'>\n\t<div class=\"pxl-heading--inner\">\n\t\t\n\t\t<h1 class=\"pxl-item--title pxl-split-text style-default ft-six  split-hero\" data-wow-delay=\"ms\" data-setting=\"\">\n\t\t\t\t\tbirlikte \u00e7al\u0131\u015fal\u0131m\t\n\t\t\t\n\t\t<\/h1>\n\n\t<\/div>\n<\/div>\t\t\t\t<\/div>\n\t\t\t\t<\/div>\n\t\t\t\t<\/div>\r\n\t\t<div class=\"elementor-element elementor-element-08189e7 e-con-full e-flex pxl-row-scroll-none pxl-column-none pxl-full-content-with-space-none elementor-invisible e-con e-child\" data-id=\"08189e7\" data-element_type=\"container\" data-settings=\"{&quot;background_background&quot;:&quot;classic&quot;,&quot;animation&quot;:&quot;fadeInRight&quot;}\">\t\t<div class=\"elementor-element elementor-element-ca44f38 elementor-widget elementor-widget-pxl_link\" data-id=\"ca44f38\" data-element_type=\"widget\" data-widget_type=\"pxl_link.default\">\n\t\t\t\t<div class=\"elementor-widget-container\">\n\t\t\t\t\t<div class=\"pxl-link-wrap\" data-pxl-parallax='{&quot;x&quot;:0,&quot;y&quot;:0,&quot;z&quot;:0}'>\r\n    <h3 class=\"pxl-widget-title pxl-empty\"><\/h3>\r\n        <ul id=\"pxl-link-pxl_link-ca44f38-7038\" class=\"pxl-link pxl-link-l1 style-3 type-vertical\">\r\n                    <li class=\"pxl-item--link\">\r\n                <a class=\"\" href=\"https:\/\/maps.app.goo.gl\/JES7TzLrBCVKfeaUA\">\r\n                                                                                        <span class=\"text\">Merkezi Los Angeles, Kaliforniya&#039;da bulunmaktad\u0131r.<\/span>\r\n                                    <\/a>\r\n            <\/li>\r\n                    <li class=\"pxl-item--link\">\r\n                <a class=\"\" href=\"mailto:Dreamslab112@gmail.com\">\r\n                                                                                        <span class=\"text\">Dreamslab112@gmail.com<\/span>\r\n                                    <\/a>\r\n            <\/li>\r\n            <\/ul>\r\n<\/div>\t\t\t\t<\/div>\n\t\t\t\t<\/div>\n\t\t\t\t<div class=\"elementor-element elementor-element-cd11681 elementor-widget elementor-widget-pxl_link\" data-id=\"cd11681\" data-element_type=\"widget\" data-widget_type=\"pxl_link.default\">\n\t\t\t\t<div class=\"elementor-widget-container\">\n\t\t\t\t\t<div class=\"pxl-link-wrap\" data-pxl-parallax='{&quot;x&quot;:0,&quot;y&quot;:0,&quot;z&quot;:0}'>\r\n    <h3 class=\"pxl-widget-title pxl-empty\"><\/h3>\r\n        <ul id=\"pxl-link-pxl_link-cd11681-2419\" class=\"pxl-link pxl-link-l1 style-3 type-vertical\">\r\n                    <li class=\"pxl-item--link   ft-gt\">\r\n                <a class=\"\" href=\"tel:(234) 109-6666\">\r\n                                                                                        <span class=\"text\">(234) 109-6666<\/span>\r\n                                    <\/a>\r\n            <\/li>\r\n            <\/ul>\r\n<\/div>\t\t\t\t<\/div>\n\t\t\t\t<\/div>\n\t\t\t\t<\/div>\r\n\t\t\t\t\t<\/div>\r\n\t\t\t\t<\/div>\r\n\t\t<div class=\"elementor-element elementor-element-733ad0e e-con-full pxl-full-content-with-space-start e-flex pxl-row-scroll-none pxl-column-none pxl-border-section-anm e-con e-child\" data-id=\"733ad0e\" data-element_type=\"container\" data-settings=\"{&quot;background_background&quot;:&quot;classic&quot;}\" style=\"padding-left: max(15px, calc((100% - 1620px) \/ 2));\"><div class=\"pxl-border-animated num-1\">\r\n            <div class=\"pxl-border-anm bt w-100  bw-yes\" style=\"--bd-width: 1px 0 0 0; border-style: solid; border-color: #0303031F;\"><\/div>\r\n            <div class=\"pxl-border-anm br h-100  bw-no\" style=\"--bd-width: 0 0px 0 0; border-style: solid; border-color: #0303031F;\"><\/div>\r\n            <div class=\"pxl-border-anm bb w-100  bw-no\" style=\"--bd-width: 0 0 0px 0; border-style: solid; border-color: #0303031F;\"><\/div>\r\n            <div class=\"pxl-border-anm bl h-100  bw-no\" style=\"--bd-width: 0 0 0 0px; border-style: solid; border-color: #0303031F;\"><\/div>\r\n        <\/div>\t\t<div class=\"elementor-element elementor-element-aa43ee2 elementor-widget elementor-widget-pxl_text_editor\" data-id=\"aa43ee2\" data-element_type=\"widget\" data-widget_type=\"pxl_text_editor.default\">\n\t\t\t\t<div class=\"elementor-widget-container\">\n\t\t\t\t\t<div class=\"pxl-text-editor   style-default\" data-setting=\"1\">\n\t<div class=\"pxl-item--inner\" data-wow-delay=\"ms\">\n\t\t\t<p>Seviyenizi y\u00fckseltin             <span class=\"pxl-text--underline\">\n                Yenilik\u00e7i fikirlerle dolu bir marka\u2014yarat\u0131c\u0131 ekibimizle ileti\u015fime ge\u00e7in.            <\/span>\n         Vizyonunuzu ger\u00e7e\u011fe d\u00f6n\u00fc\u015ft\u00fcrmek i\u00e7in bug\u00fcn ekibimizle ileti\u015fime ge\u00e7in.<\/p>\t\n\t<\/div>\n<\/div>\n\n<script>\njQuery(document).ready(function($) {\n    let $pageTitleElement = $('#pxl-page-title-elementor');\n\n    if ($pageTitleElement.length) {\n        let sgPostDesText = ``;\n        $pageTitleElement.find('.pxl-item--inner').html(sgPostDesText);\n    }\n});\n<\/script>\n\n\n\t\t\t\t<\/div>\n\t\t\t\t<\/div>\n\t\t\t\t<div class=\"elementor-element elementor-element-4fc6fb2 elementor-widget elementor-widget-pxl_button\" data-id=\"4fc6fb2\" data-element_type=\"widget\" data-widget_type=\"pxl_button.default\">\n\t\t\t\t<div class=\"elementor-widget-container\">\n\t\t\t\t\t\r\n<div id=\"pxl-pxl_button-4fc6fb2-3272\"\r\n     class=\"pxl-button pxl-atc-link\"\r\n     data-wow-delay=\"ms\"\r\n     data-pxl-parallax='{&quot;x&quot;:0,&quot;y&quot;:0,&quot;z&quot;:0}'>\r\n\r\n    <a data-cursor-hover\r\n href=\"#\"       class=\"btn pxl-icon-active btn-border inline pxl-icon--right\"\r\n       data-wow-delay=\"ms\"\r\n       data-target=\".pxl-page-popup-template-0\">\r\n\r\n                                    <svg xmlns=\"http:\/\/www.w3.org\/2000\/svg\" id=\"Layer_1\" height=\"512\" viewbox=\"0 0 20 20\" width=\"512\"><path d=\"m12 2-1.4 1.4 5.6 5.6h-16.2v2h16.2l-5.6 5.6 1.4 1.4 8-8z\" fill=\"rgb(0,0,0)\"><\/path><\/svg>            \r\n        \r\n        \r\n        <span class=\"pxl--btn-text\" data-text=\"let\u2019s work together\">\r\n            <span class=\"chars\"><span class=\"\" style=\"--chars-index:0; --chars-last-index:18;\">l<\/span><span class=\"\" style=\"--chars-index:1; --chars-last-index:17;\">e<\/span><span class=\"\" style=\"--chars-index:2; --chars-last-index:16;\">t<\/span><span class=\"\" style=\"--chars-index:3; --chars-last-index:15;\">\u2019<\/span><span class=\"\" style=\"--chars-index:4; --chars-last-index:14;\">s<\/span><span class=\"spacer\" style=\"--chars-index:5; --chars-last-index:13;\">&nbsp;<\/span><span class=\"\" style=\"--chars-index:6; --chars-last-index:12;\">w<\/span><span class=\"\" style=\"--chars-index:7; --chars-last-index:11;\">o<\/span><span class=\"\" style=\"--chars-index:8; --chars-last-index:10;\">r<\/span><span class=\"\" style=\"--chars-index:9; --chars-last-index:9;\">k<\/span><span class=\"spacer\" style=\"--chars-index:10; --chars-last-index:8;\">&nbsp;<\/span><span class=\"\" style=\"--chars-index:11; --chars-last-index:7;\">t<\/span><span class=\"\" style=\"--chars-index:12; --chars-last-index:6;\">o<\/span><span class=\"\" style=\"--chars-index:13; --chars-last-index:5;\">g<\/span><span class=\"\" style=\"--chars-index:14; --chars-last-index:4;\">e<\/span><span class=\"\" style=\"--chars-index:15; --chars-last-index:3;\">t<\/span><span class=\"\" style=\"--chars-index:16; --chars-last-index:2;\">h<\/span><span class=\"\" style=\"--chars-index:17; --chars-last-index:1;\">e<\/span><span class=\"\" style=\"--chars-index:18; --chars-last-index:0;\">r<\/span><\/span>        <\/span>\r\n\r\n        \r\n        \r\n    <\/a>\r\n<\/div>\r\n\t\t\t\t<\/div>\n\t\t\t\t<\/div>\n\t\t\t\t<\/div>\r\n\t\t\t\t<div class=\"elementor-element elementor-element-76f62d2 elementor-widget elementor-widget-pxl_image\" data-id=\"76f62d2\" data-element_type=\"widget\" data-widget_type=\"pxl_image.default\">\n\t\t\t\t<div class=\"elementor-widget-container\">\n\t\t\t\t\t<div id=\"pxl_image-76f62d2-7131\" class=\"pxl-image-single canvas pxl-disable-parallax-sm pxl-disable-parallax-1200 pxl-hide-sr-lg\" data-wow-delay=\"ms\"  >\r\n    <div class=\"pxl-item--inner\" data-wow-delay=\"120ms\" >\r\n    \r\n            <div class=\"pxl-item--image canvas  wrap-img-distortion\" data-wow-delay=\"ms\" data-parallax-value=\"\">\r\n                        <img fetchpriority=\"high\" decoding=\"async\" width=\"1920\" height=\"380\" src=\"https:\/\/frame-mill.com\/wp-content\/uploads\/2025\/08\/home3-01-u-1.webp\" class=\"no-lazyload attachment-full\" alt=\"\" \/>                        <div class=\"wrap-distort-canvas\"><\/div>        <\/div>\r\n        \r\n<\/div>\r\n<\/div>\t\t\t\t<\/div>\n\t\t\t\t<\/div>\n\t\t\t\t<\/div>\r\n\t\t\t\t<\/div>\r\n\t\t\t\t<\/div>","protected":false},"excerpt":{"rendered":"<p>1 Step 1. Discovery and Research We love meeting our clients, and understanding your briefs, our professional skills allow you to confidently appoint us for your project, as we listen carefully to our clients to ascertain their needs and budget and then set out to surpass your expectations. Lorem ipsum dolor sit amet, consectetur adipiscing [&hellip;]<\/p>\n","protected":false},"author":1,"featured_media":0,"parent":0,"menu_order":0,"comment_status":"closed","ping_status":"closed","template":"","meta":{"footnotes":""},"class_list":["post-2721","page","type-page","status-publish","hentry"],"_links":{"self":[{"href":"https:\/\/frame-mill.com\/tr\/wp-json\/wp\/v2\/pages\/2721","targetHints":{"allow":["GET"]}}],"collection":[{"href":"https:\/\/frame-mill.com\/tr\/wp-json\/wp\/v2\/pages"}],"about":[{"href":"https:\/\/frame-mill.com\/tr\/wp-json\/wp\/v2\/types\/page"}],"author":[{"embeddable":true,"href":"https:\/\/frame-mill.com\/tr\/wp-json\/wp\/v2\/users\/1"}],"replies":[{"embeddable":true,"href":"https:\/\/frame-mill.com\/tr\/wp-json\/wp\/v2\/comments?post=2721"}],"version-history":[{"count":0,"href":"https:\/\/frame-mill.com\/tr\/wp-json\/wp\/v2\/pages\/2721\/revisions"}],"wp:attachment":[{"href":"https:\/\/frame-mill.com\/tr\/wp-json\/wp\/v2\/media?parent=2721"}],"curies":[{"name":"wp","href":"https:\/\/api.w.org\/{rel}","templated":true}]}}