{"id":204,"date":"2025-05-15T06:42:44","date_gmt":"2025-05-15T06:42:44","guid":{"rendered":"https:\/\/dreamslab.bravisthemes.com\/?page_id=204"},"modified":"2026-04-07T14:39:20","modified_gmt":"2026-04-07T14:39:20","slug":"about-us","status":"publish","type":"page","link":"https:\/\/frame-mill.com\/tr\/about-us\/","title":{"rendered":"Hakk\u0131m\u0131zda"},"content":{"rendered":"<div data-elementor-type=\"wp-page\" data-elementor-id=\"204\" class=\"elementor elementor-204\" data-elementor-post-type=\"page\">\n\t\t\t\t<div class=\"elementor-element elementor-element-a637073 e-con-full e-flex pxl-row-scroll-none pxl-column-none pxl-full-content-with-space-none e-con e-parent\" data-id=\"a637073\" data-element_type=\"container\" data-settings=\"{&quot;background_background&quot;:&quot;classic&quot;}\">\t\t<div class=\"elementor-element elementor-element-16cb496 elementor-widget elementor-widget-pxl_divider\" data-id=\"16cb496\" data-element_type=\"widget\" data-widget_type=\"pxl_divider.default\">\n\t\t\t\t<div class=\"elementor-widget-container\">\n\t\t\t\t\t<div class=\"pxl-divider horizontal animated fast\"><div class=\"pxl-divider-separator\"><\/div><\/div>\t\t\t\t<\/div>\n\t\t\t\t<\/div>\n\t\t\t\t<\/div>\r\n\t\t<div class=\"elementor-element elementor-element-1cf61e3 e-flex e-con-boxed pxl-row-scroll-none pxl-column-none pxl-full-content-with-space-none e-con e-parent\" data-id=\"1cf61e3\" data-element_type=\"container\">\t\t\t<div class=\"e-con-inner\">\r\n\t\t<div class=\"elementor-element elementor-element-b2f3296 e-con-full e-flex pxl-row-scroll-none pxl-column-none pxl-full-content-with-space-none e-con e-child\" data-id=\"b2f3296\" data-element_type=\"container\">\t\t<div class=\"elementor-element elementor-element-c69c73a elementor-widget elementor-widget-heading\" data-id=\"c69c73a\" data-element_type=\"widget\" data-widget_type=\"heading.default\">\n\t\t\t\t\t<h2 class=\"elementor-heading-title elementor-size-default\">Hakk\u0131m\u0131zda\n<\/h2>\t\t\t\t<\/div>\n\t\t\t\t<div class=\"elementor-element elementor-element-9ede550 elementor-widget elementor-widget-text-editor\" data-id=\"9ede550\" data-element_type=\"widget\" data-widget_type=\"text-editor.default\">\n\t\t\t\t\t\t\t\t\t<p>Biz sadece yapay zek\u00e2 g\u00f6rsellerinden olu\u015fan bir galeri de\u011filiz; teknoloji ve yarat\u0131c\u0131l\u0131\u011f\u0131n birle\u015fti\u011fi bir alan\u0131z. Misyonumuz, hayal g\u00fcc\u00fcn\u00fcn s\u0131n\u0131rlar\u0131n\u0131 zorlamak, soyut fikirleri kelimelerden daha g\u00fc\u00e7l\u00fc mesajlar veren \u00e7arp\u0131c\u0131 g\u00f6r\u00fcnt\u00fclere d\u00f6n\u00fc\u015ft\u00fcrmektir. Her sanat eseri, yenili\u011fin g\u00fczel, duygusal ve herkes i\u00e7in eri\u015filebilir olabilece\u011fi inanc\u0131n\u0131 yans\u0131t\u0131r.<\/p>\t\t\t\t\t\t\t\t<\/div>\n\t\t\t\t<\/div>\r\n\t\t<div class=\"elementor-element elementor-element-dde4db8 e-con-full e-flex pxl-row-scroll-none pxl-column-none pxl-full-content-with-space-none e-con e-child\" data-id=\"dde4db8\" data-element_type=\"container\">\t\t<div class=\"elementor-element elementor-element-852e66b elementor-widget elementor-widget-heading\" data-id=\"852e66b\" data-element_type=\"widget\" data-widget_type=\"heading.default\">\n\t\t\t\t\t<h2 class=\"elementor-heading-title elementor-size-default\">Vizyonumuz<\/h2>\t\t\t\t<\/div>\n\t\t\t\t<div class=\"elementor-element elementor-element-4ab161b elementor-widget elementor-widget-text-editor\" data-id=\"4ab161b\" data-element_type=\"widget\" data-widget_type=\"text-editor.default\">\n\t\t\t\t\t\t\t\t\t<p>Yarat\u0131c\u0131 ifadenin art\u0131k kaynaklar, ara\u00e7lar veya zamanla s\u0131n\u0131rl\u0131 olmad\u0131\u011f\u0131 bir d\u00fcnya g\u00f6r\u00fcyoruz. Yarat\u0131c\u0131lara y\u00fcksek kaliteli yapay zeka g\u00f6rsellerine an\u0131nda eri\u015fim sa\u011flayarak, dijital sanat\u0131 demokratikle\u015ftirmeyi ve ilham\u0131 s\u0131n\u0131rs\u0131z hale getirmeyi ama\u00e7l\u0131yoruz. Vizyonumuz, her tasar\u0131mc\u0131n\u0131n, geli\u015ftiricinin ve hayalperestin en cesur fikirlerini kolayl\u0131kla hayata ge\u00e7irmesini sa\u011flamakt\u0131r.<\/p>\t\t\t\t\t\t\t\t<\/div>\n\t\t\t\t<\/div>\r\n\t\t<div class=\"elementor-element elementor-element-607afa0 e-con-full e-flex pxl-row-scroll-none pxl-column-none pxl-full-content-with-space-none e-con e-child\" data-id=\"607afa0\" data-element_type=\"container\">\t\t<div class=\"elementor-element elementor-element-ec4cf86 elementor-widget elementor-widget-heading\" data-id=\"ec4cf86\" data-element_type=\"widget\" data-widget_type=\"heading.default\">\n\t\t\t\t\t<h2 class=\"elementor-heading-title elementor-size-default\">S\u00f6z\u00fcm\u00fcz\n<\/h2>\t\t\t\t<\/div>\n\t\t\t\t<div class=\"elementor-element elementor-element-07855fa elementor-widget elementor-widget-text-editor\" data-id=\"07855fa\" data-element_type=\"widget\" data-widget_type=\"text-editor.default\">\n\t\t\t\t\t\t\t\t\tSadece g\u00f6rsellerden daha fazlas\u0131n\u0131 vaat ediyoruz; tutarl\u0131l\u0131k, kalite ve \u00f6zg\u00fcrl\u00fck vaat ediyoruz. Koleksiyonumuzdaki her par\u00e7a telifsiz, y\u00fcksek \u00e7\u00f6z\u00fcn\u00fcrl\u00fckl\u00fc ve her ortamda kullan\u0131ma haz\u0131r. \u0130ster bir kampanya olu\u015fturuyor olun, ister bir NFT projesi ba\u015flat\u0131yor olun, ister bir sonraki b\u00fcy\u00fck uygulaman\u0131z\u0131 tasarl\u0131yor olun, k\u00fct\u00fcphanemizde hayal g\u00fcc\u00fcn\u00fcz\u00fc harekete ge\u00e7irecek bir \u015fey her zaman olacakt\u0131r.\n\t\t\t\t\t\t\t\t<\/div>\n\t\t\t\t<\/div>\r\n\t\t<div class=\"elementor-element elementor-element-1a7c02d e-con-full e-flex pxl-row-scroll-none pxl-column-none pxl-full-content-with-space-none e-con e-child\" data-id=\"1a7c02d\" data-element_type=\"container\">\t\t<div class=\"elementor-element elementor-element-bc721d7 elementor-widget elementor-widget-heading\" data-id=\"bc721d7\" data-element_type=\"widget\" data-widget_type=\"heading.default\">\n\t\t\t\t\t<h2 class=\"elementor-heading-title elementor-size-default\">\u00c7al\u0131\u015fma \u015eeklimiz\n<\/h2>\t\t\t\t<\/div>\n\t\t\t\t<div class=\"elementor-element elementor-element-629a7e9 elementor-widget elementor-widget-text-editor\" data-id=\"629a7e9\" data-element_type=\"widget\" data-widget_type=\"text-editor.default\">\n\t\t\t\t\t\t\t\t\tYakla\u015f\u0131m\u0131m\u0131z ilhamla ba\u015flar \u2014 fikirleriniz, vizyonunuz, hikayeniz. Ard\u0131ndan, benzersiz ve \u00f6zg\u00fcn hissettiren g\u00f6rseller \u00fcretmek i\u00e7in geli\u015fmi\u015f yapay zeka modellerini yarat\u0131c\u0131 bir dokunu\u015fla birle\u015ftiriyoruz. Her bir g\u00f6r\u00fcnt\u00fcn\u00fcn ard\u0131nda, g\u00f6rd\u00fc\u011f\u00fcn\u00fcz \u015feyin yaln\u0131zca orijinal de\u011fil, ayn\u0131 zamanda anlaml\u0131 olmas\u0131n\u0131 sa\u011flayan bir ke\u015fif, iyile\u015ftirme ve tutku s\u00fcreci yatmaktad\u0131r.\n\t\t\t\t\t\t\t\t<\/div>\n\t\t\t\t<\/div>\r\n\t\t\t\t\t<\/div>\r\n\t\t\t\t<\/div>\r\n\t\t\t\t<\/div>","protected":false},"excerpt":{"rendered":"<p>About Us We are more than just a gallery of AI visuals \u2014 we are a space where technology and creativity merge. Our mission is to push the boundaries of imagination, turning abstract ideas into striking images that speak louder than words. Every artwork reflects the belief that innovation can be beautiful, emotional, and accessible [&hellip;]<\/p>\n","protected":false},"author":1,"featured_media":0,"parent":0,"menu_order":0,"comment_status":"closed","ping_status":"closed","template":"","meta":{"footnotes":""},"class_list":["post-204","page","type-page","status-publish","hentry"],"_links":{"self":[{"href":"https:\/\/frame-mill.com\/tr\/wp-json\/wp\/v2\/pages\/204","targetHints":{"allow":["GET"]}}],"collection":[{"href":"https:\/\/frame-mill.com\/tr\/wp-json\/wp\/v2\/pages"}],"about":[{"href":"https:\/\/frame-mill.com\/tr\/wp-json\/wp\/v2\/types\/page"}],"author":[{"embeddable":true,"href":"https:\/\/frame-mill.com\/tr\/wp-json\/wp\/v2\/users\/1"}],"replies":[{"embeddable":true,"href":"https:\/\/frame-mill.com\/tr\/wp-json\/wp\/v2\/comments?post=204"}],"version-history":[{"count":9,"href":"https:\/\/frame-mill.com\/tr\/wp-json\/wp\/v2\/pages\/204\/revisions"}],"predecessor-version":[{"id":19625,"href":"https:\/\/frame-mill.com\/tr\/wp-json\/wp\/v2\/pages\/204\/revisions\/19625"}],"wp:attachment":[{"href":"https:\/\/frame-mill.com\/tr\/wp-json\/wp\/v2\/media?parent=204"}],"curies":[{"name":"wp","href":"https:\/\/api.w.org\/{rel}","templated":true}]}}