{"id":19533,"date":"2026-02-27T15:46:16","date_gmt":"2026-02-27T15:46:16","guid":{"rendered":"https:\/\/frame-mill.com\/?page_id=19533"},"modified":"2026-03-09T19:32:05","modified_gmt":"2026-03-09T19:32:05","slug":"terms-conditions","status":"publish","type":"page","link":"https:\/\/frame-mill.com\/tr\/terms-conditions\/","title":{"rendered":"\u015eartlar ve Ko\u015fullar"},"content":{"rendered":"<h1 class=\"wp-block-heading\"><strong>\u015eARTLAR VE KO\u015eULLAR<\/strong><\/h1>\n\n\n\n<p><strong>Frame-Mill \u2014 frame-mill.com<\/strong><\/p>\n\n\n\n<p><strong>\u015eirket: <\/strong>THE REAL DEAL PROVIDERS LTD (\u015eirket No. 16108011)<br><strong>Kay\u0131tl\u0131 ofis: <\/strong>Dept 6152, 43 Owston Road, Carcroft, Doncaster, Birle\u015fik Krall\u0131k, DN6 8DA<br><strong>Ticari isim \/ Site: <\/strong>Frame-Mill \u2014 frame-mill.com<br><strong>Temas etmek: <\/strong><a href=\"mailto:info@frame-mill.com\">info@frame-mill.com<\/a><br><strong>Desteklenen para birimleri: <\/strong>USD, EUR, AUD, CAD<br><strong>Son g\u00fcncelleme: <\/strong>25 Eyl\u00fcl 2025<\/p>\n\n\n\n<h2 class=\"wp-block-heading\">1. Kapsam<\/h2>\n\n\n\n<p>Bu H\u00fck\u00fcm ve Ko\u015fullar (\u201cH\u00fck\u00fcmler\u201d), yapay zeka taraf\u0131ndan olu\u015fturulan dijital sanat eserlerinin sat\u0131n al\u0131nmas\u0131 ve indirilmesi ile g\u00f6r\u00fcnt\u00fc olu\u015fturma \u00f6zelliklerimize eri\u015fmek i\u00e7in \u00f6n \u00f6demeli hizmet birimlerinin (\u201cKrediler\u201d) sat\u0131n al\u0131nmas\u0131 ve kullan\u0131lmas\u0131 da dahil olmak \u00fczere, frame-mill.com adresinde (\u201cSite\u201d) bulunan Frame-Mill hizmetlerine eri\u015fiminizi ve kullan\u0131m\u0131n\u0131z\u0131 d\u00fczenler (birlikte, \u201cHizmetler\u201d). Bir hesap olu\u015fturarak, herhangi bir \u00fcr\u00fcn sat\u0131n alarak veya Hizmetleri kullanarak bu H\u00fck\u00fcm ve Ko\u015fullar\u0131 kabul etmi\u015f olursunuz.<\/p>\n\n\n\n<h2 class=\"wp-block-heading\">2. Uygunluk ve Hesap<\/h2>\n\n\n\n<ul class=\"wp-block-list\">\n<li>En az 18 ya\u015f\u0131nda olmal\u0131 ve ba\u011flay\u0131c\u0131 bir s\u00f6zle\u015fme yapabilmek i\u00e7in yasal ehliyete sahip olmal\u0131s\u0131n\u0131z.<\/li>\n\n\n\n<li>Hesap bilgilerinizin g\u00fcvenli\u011fini sa\u011flamaktan ve hesab\u0131n\u0131z alt\u0131nda ger\u00e7ekle\u015ftirilen t\u00fcm faaliyetlerden siz sorumlusunuz.<\/li>\n\n\n\n<li>Bu \u015eartlar\u0131n ihlal edildi\u011fine veya Hizmetlerin k\u00f6t\u00fcye kullan\u0131ld\u0131\u011f\u0131na makul bir \u015fekilde inand\u0131\u011f\u0131m\u0131z durumlarda kay\u0131t i\u015flemlerini reddedebilir, hesaplar\u0131 ask\u0131ya alabilir veya sonland\u0131rabiliriz.<\/li>\n<\/ul>\n\n\n\n<h2 class=\"wp-block-heading\">3. Tan\u0131mlar<\/h2>\n\n\n\n<ul class=\"wp-block-list\">\n<li>\u201cDijital \u0130\u00e7erik\u201d, Site \u00fczerinden sat\u0131n al\u0131nabilen veya indirilebilen yapay zeka taraf\u0131ndan olu\u015fturulmu\u015f g\u00f6r\u00fcnt\u00fcler ve ilgili dosyalar anlam\u0131na gelir.<\/li>\n\n\n\n<li>\u201cKrediler\u201d, belirli nesil \u00f6zelliklerine eri\u015fimi sa\u011flayan \u00f6n \u00f6demeli hizmet birimleri anlam\u0131na gelir. Krediler para, elektronik para veya kripto para birimi de\u011fildir ve nakit de\u011feri yoktur.<\/li>\n\n\n\n<li>\u201cSipari\u015f\u201d, Site \u00fczerinden verilen Dijital \u0130\u00e7erik veya Kredi sat\u0131n al\u0131m\u0131n\u0131 ifade eder.<\/li>\n<\/ul>\n\n\n\n<h2 class=\"wp-block-heading\">4. \u0130\u015f Modeli<\/h2>\n\n\n\n<p>Dijital i\u00e7erik ve kredileri tek seferlik olarak sat\u0131yoruz. Abonelik \u00fcr\u00fcnleri sunmuyoruz. Belirli g\u00f6r\u00fcnt\u00fc olu\u015fturma \u00f6zelliklerine eri\u015fmek veya bunlar\u0131 \u00e7al\u0131\u015ft\u0131rmak i\u00e7in kredi gerekebilir ve \u00f6zellikler kullan\u0131ld\u0131\u011f\u0131nda krediler d\u00fc\u015f\u00fclecektir.<\/p>\n\n\n\n<h2 class=\"wp-block-heading\">5. Sipari\u015f ve S\u00f6zle\u015fme Olu\u015fturma<\/h2>\n\n\n\n<ul class=\"wp-block-list\">\n<li>Sipari\u015f vererek, bu \u015eartlar kapsam\u0131nda ilgili Dijital \u0130\u00e7eri\u011fi ve\/veya Kredileri sat\u0131n alma teklifinde bulunmu\u015f olursunuz.<\/li>\n\n\n\n<li>Sipari\u015finizi onaylad\u0131\u011f\u0131m\u0131zda veya Dijital \u0130\u00e7eri\u011fi teslim etti\u011fimizde \/ hesab\u0131n\u0131za Kredi y\u00fckledi\u011fimizde, hangisi \u00f6nce ger\u00e7ekle\u015firse, s\u00f6zle\u015fme kurulmu\u015f olur.<\/li>\n\n\n\n<li>Sipari\u015fleri kendi takdirimize ba\u011fl\u0131 olarak reddedebilir veya iptal edebiliriz (\u00f6rne\u011fin, bariz fiyatland\u0131rma hatalar\u0131 veya Hizmetlerin k\u00f6t\u00fcye kullan\u0131ld\u0131\u011f\u0131ndan \u015f\u00fcphelenilmesi durumunda).<\/li>\n\n\n\n<li>L\u00fctfen sipari\u015finizi dikkatlice inceleyin. \u00d6deme s\u0131ras\u0131nda do\u011fru bilgi vermek sizin sorumlulu\u011funuzdad\u0131r.<\/li>\n<\/ul>\n\n\n\n<h2 class=\"wp-block-heading\">6. Fiyatlar, Vergiler ve Para Birimleri<\/h2>\n\n\n\n<ul class=\"wp-block-list\">\n<li>Fiyatlar USD, EUR, AUD veya CAD cinsinden g\u00f6sterilmektedir. Kullan\u0131labilir para birimi, konumunuza veya sitedeki se\u00e7iminize ba\u011fl\u0131 olabilir.<\/li>\n\n\n\n<li>Gerekli durumlarda ge\u00e7erli vergiler \u00f6deme sayfas\u0131nda g\u00f6sterilecektir. \u00d6deme sa\u011flay\u0131c\u0131n\u0131z taraf\u0131ndan uygulanan ek \u00fccretlerden siz sorumlusunuz.<\/li>\n\n\n\n<li>Fiyatlar\u0131m\u0131z\u0131 zaman zaman g\u00fcncelleyebiliriz; de\u011fi\u015fiklikler zaten onaylanm\u0131\u015f sipari\u015fleri etkilemez.<\/li>\n<\/ul>\n\n\n\n<h2 class=\"wp-block-heading\">7. \u00d6demeler<\/h2>\n\n\n\n<ul class=\"wp-block-list\">\n<li>\u00d6demeler \u00fc\u00e7\u00fcnc\u00fc taraf \u00f6deme i\u015flemcileri taraf\u0131ndan i\u015flenmektedir. \u00d6deme bilgilerini g\u00f6ndererek, sipari\u015fin toplam tutar\u0131n\u0131n tahsil edilmesini onaylam\u0131\u015f olursunuz.<\/li>\n\n\n\n<li>Hizmetler yaln\u0131zca \u00f6deme yapma i\u015flevini sa\u011flar. Kredilerden veya Dijital \u0130\u00e7erikten para \u00e7ekme, para iadesi veya de\u011fer kullan\u0131m\u0131 m\u00fcmk\u00fcn de\u011fildir.<\/li>\n<\/ul>\n\n\n\n<h2 class=\"wp-block-heading\">8. Dijital \u0130\u00e7erik ve Jenerik Bilgilerinin Teslimi<\/h2>\n\n\n\n<ul class=\"wp-block-list\">\n<li>Dijital \u0130\u00e7erik: \u0130ndirme ba\u011flant\u0131lar\u0131 hesab\u0131n\u0131zda veya e-posta yoluyla kullan\u0131ma sunuldu\u011funda teslimat ger\u00e7ekle\u015fir. Teslimat s\u00fcreleri ve ba\u011flant\u0131lar\u0131n ge\u00e7erlilik s\u00fcresi s\u0131n\u0131rlamalar\u0131 ge\u00e7erli olabilir.<\/li>\n\n\n\n<li>Krediler: Krediler hesap bakiyenizde g\u00f6r\u00fcnd\u00fc\u011f\u00fcnde teslimat ger\u00e7ekle\u015fir. \u00dcretim \u00f6zelliklerini kulland\u0131\u011f\u0131n\u0131zda kesintiler otomatik olarak yap\u0131l\u0131r.<\/li>\n\n\n\n<li>Teknik sorunlar nedeniyle teslimat ba\u015far\u0131s\u0131z olursa, l\u00fctfen info@frame-mill.com adresinden bizimle ileti\u015fime ge\u00e7in, size yard\u0131mc\u0131 olaca\u011f\u0131z.<\/li>\n<\/ul>\n\n\n\n<h2 class=\"wp-block-heading\">9. \u0130ptal Hakk\u0131 (Dijital \u0130\u00e7erik) ve Cayma Hakk\u0131ndan Feragat<\/h2>\n\n\n\n<p>Birle\u015fik Krall\u0131k veya Avrupa Ekonomik Alan\u0131&#039;nda bir t\u00fcketiciyseniz, yasa dijital i\u00e7erik i\u00e7in 14 g\u00fcnl\u00fck iptal hakk\u0131 sa\u011flayabilir. Ancak, Dijital \u0130\u00e7eri\u011fe veya Kredilere an\u0131nda eri\u015fim talep ederseniz ve bunun teslimat\/kullan\u0131m ba\u015flad\u0131ktan sonra iptal hakk\u0131n\u0131z\u0131 kaybedece\u011finiz anlam\u0131na geldi\u011fini kabul ederseniz, teslimat ba\u015flad\u0131ktan sonra iptal edemezsiniz. An\u0131nda eri\u015fim talebinizi kaydetmek i\u00e7in \u00f6deme s\u0131ras\u0131nda onay kutular\u0131 kullan\u0131yoruz.<\/p>\n\n\n\n<h2 class=\"wp-block-heading\">10. Geri \u00d6demeler \u2014 \u00d6zet<\/h2>\n\n\n\n<ul class=\"wp-block-list\">\n<li>Dijital \u0130\u00e7erik: Genellikle teslim edildikten sonra, objektif olarak kusurlu olmad\u0131\u011f\u0131 s\u00fcrece (\u00f6rne\u011fin, bozuk dosya) iade edilmez.<\/li>\n\n\n\n<li>Krediler: Yaln\u0131zca tamamen kullan\u0131lmam\u0131\u015f olmas\u0131 ve ilgili yasal s\u00fcre i\u00e7inde talep edilmesi durumunda iade edilebilir; aksi takdirde iade edilmez ve nakit veya ba\u015fka bir de\u011ferle de\u011fi\u015ftirilemez.<\/li>\n\n\n\n<li>Ayr\u0131nt\u0131l\u0131 bilgi i\u00e7in \u00d6deme ve \u0130ade Politikam\u0131za bak\u0131n. \u0130ade talebinde bulunmak i\u00e7in sipari\u015f numaran\u0131z ve bilgilerinizle birlikte info@frame-mill.com adresine e-posta g\u00f6nderin.<\/li>\n<\/ul>\n\n\n\n<h2 class=\"wp-block-heading\">11. Krediler \u2014 Niteli\u011fi ve K\u0131s\u0131tlamalar\u0131<\/h2>\n\n\n\n<ul class=\"wp-block-list\">\n<li>Krediler, \u00fcretim \u00f6zelliklerine eri\u015fim i\u00e7in s\u0131n\u0131rl\u0131 ve geri al\u0131nabilir bir lisanst\u0131r; devredilemez, takas edilemez ve parasal de\u011feri yoktur.<\/li>\n\n\n\n<li>Krediler para, elektronik para veya kripto para birimi de\u011fildir; nakit veya nakit e\u015fde\u011feri herhangi bir \u015feye d\u00f6n\u00fc\u015ft\u00fcr\u00fclemezler.<\/li>\n\n\n\n<li>Kredi limitleri, sat\u0131n alma s\u0131ras\u0131nda veya bildirimle belirtilmi\u015fse ge\u00e7erlilik s\u00fcresini doldurabilir; ge\u00e7erlilik s\u00fcresiyle ilgili t\u00fcm \u015fartlar sat\u0131n almadan \u00f6nce a\u00e7\u0131k\u00e7a belirtilecektir.<\/li>\n<\/ul>\n\n\n\n<h2 class=\"wp-block-heading\">12. Fikri M\u00fclkiyet ve Size Verilen Lisans<\/h2>\n\n\n\n<ul class=\"wp-block-list\">\n<li>\u00dcr\u00fcn sayfas\u0131nda a\u00e7\u0131k\u00e7a aksi belirtilmedik\u00e7e, Kredilerinizi kullanarak sat\u0131n ald\u0131\u011f\u0131n\u0131z veya olu\u015fturdu\u011funuz Dijital \u0130\u00e7eri\u011fin ki\u015fisel kullan\u0131m\u0131 i\u00e7in size m\u00fcnhas\u0131r olmayan, d\u00fcnya \u00e7ap\u0131nda, geri al\u0131nabilir, devredilemez bir lisans veriyoruz (\u201cKi\u015fisel Kullan\u0131m Lisans\u0131\u201d).<\/li>\n\n\n\n<li>Ticari kullan\u0131m, mevcutsa, ticari kullan\u0131m i\u00e7in a\u00e7\u0131k\u00e7a etiketlenmi\u015f \u00fcr\u00fcnlerin veya lisanslar\u0131n (\u201cTicari Lisans\u201d) sat\u0131n al\u0131nmas\u0131n\u0131 ve \u00fcr\u00fcn sayfas\u0131ndaki \u00f6zel \u015fartlara uyulmas\u0131n\u0131 gerektirir.<\/li>\n\n\n\n<li>Dijital \u0130\u00e7eri\u011fin benzersiz veya yaln\u0131zca sizin i\u00e7in olu\u015fturuldu\u011funu veya tek yazar\u0131n\u0131n siz oldu\u011funuzu iddia edemez veya ima edemezsiniz; yapay zeka taraf\u0131ndan olu\u015fturulan \u00e7\u0131kt\u0131lar farkl\u0131 kullan\u0131c\u0131lar i\u00e7in benzer olabilir.<\/li>\n<\/ul>\n\n\n\n<h2 class=\"wp-block-heading\">13. Kabul Edilebilir Kullan\u0131m ve Yasaklanm\u0131\u015f Davran\u0131\u015flar<\/h2>\n\n\n\n<ul class=\"wp-block-list\">\n<li>Hizmetleri yasa d\u0131\u015f\u0131, zararl\u0131, iftira niteli\u011finde, telif hakk\u0131 ihlali i\u00e7eren veya yan\u0131lt\u0131c\u0131 i\u00e7erik olu\u015fturmak, y\u00fcklemek veya da\u011f\u0131tmak i\u00e7in kullanmay\u0131n.<\/li>\n\n\n\n<li>Hizmetleri tersine m\u00fchendislikle incelemeye, bunlara m\u00fcdahale etmeye veya a\u015f\u0131r\u0131 y\u00fcklemeye \u00e7al\u0131\u015fmay\u0131n.<\/li>\n\n\n\n<li>Tescilli bildirimleri veya teknolojik \u00f6nlemleri kald\u0131rmaya, gizlemeye veya de\u011fi\u015ftirmeye \u00e7al\u0131\u015fmay\u0131n.<\/li>\n\n\n\n<li>Bu kurallar\u0131n ihlal edildi\u011fine makul bir \u015fekilde inand\u0131\u011f\u0131m\u0131z durumlarda i\u00e7erikleri kald\u0131rabilir veya hesaplar\u0131 ask\u0131ya alabiliriz.<\/li>\n<\/ul>\n\n\n\n<h2 class=\"wp-block-heading\">14. \u00dc\u00e7\u00fcnc\u00fc Taraf Ara\u00e7lar ve Modeller<\/h2>\n\n\n\n<ul class=\"wp-block-list\">\n<li>Hizmetler, bar\u0131nd\u0131rma, analiz, i\u00e7erik da\u011f\u0131t\u0131m a\u011flar\u0131 ve yapay zeka modeli sa\u011flay\u0131c\u0131lar\u0131na ba\u011fl\u0131 olabilir. \u00d6zelliklerin kullan\u0131labilirli\u011fi de\u011fi\u015febilir ve \u00f6nceden haber verilmeksizin de\u011fi\u015ftirilebilir.<\/li>\n\n\n\n<li>Herhangi bir \u00fc\u00e7\u00fcnc\u00fc taraf arac\u0131n\u0131n veya modelinin kullan\u0131labilirli\u011fini veya de\u011fi\u015fmeden kalaca\u011f\u0131n\u0131 garanti etmiyoruz.<\/li>\n<\/ul>\n\n\n\n<h2 class=\"wp-block-heading\">15. Kullan\u0131c\u0131 Taraf\u0131ndan Olu\u015fturulan \u0130\u00e7erik (UGC) ve \u0130stekler<\/h2>\n\n\n\n<ul class=\"wp-block-list\">\n<li>\u0130stemler, girdiler, y\u00fcklemeler ve bunlardan olu\u015fturulan her t\u00fcrl\u00fc i\u00e7erikten siz sorumlusunuz. Y\u00fckledi\u011finiz t\u00fcm materyaller i\u00e7in gerekli haklara sahip oldu\u011funuzdan emin olun.<\/li>\n\n\n\n<li>Hizmetleri i\u015fletmek ve geli\u015ftirmek amac\u0131yla, kullan\u0131c\u0131 taraf\u0131ndan olu\u015fturulan i\u00e7eri\u011finizi bar\u0131nd\u0131rmak, i\u015flemek ve g\u00f6r\u00fcnt\u00fclemek i\u00e7in bize s\u0131n\u0131rl\u0131 bir lisans veriyorsunuz.<\/li>\n<\/ul>\n\n\n\n<h2 class=\"wp-block-heading\">16. Fikri M\u00fclkiyet Haklar\u0131 ve \u0130\u00e7erik Kald\u0131rma<\/h2>\n\n\n\n<ul class=\"wp-block-list\">\n<li>Sitedeki i\u00e7eri\u011fin haklar\u0131n\u0131z\u0131 ihlal etti\u011fine inan\u0131yorsan\u0131z, i\u00e7eri\u011fi ve haklar\u0131n\u0131z\u0131 belirleyecek yeterli ayr\u0131nt\u0131y\u0131 i\u00e7eren bir bildirimle info@frame-mill.com adresinden bize ula\u015f\u0131n.<\/li>\n\n\n\n<li>\u0130hlal edildi\u011fi iddia edilen materyale eri\u015fimi kald\u0131rabilir veya devre d\u0131\u015f\u0131 b\u0131rakabilir ve uygun durumlarda kullan\u0131c\u0131y\u0131 bilgilendirebiliriz.<\/li>\n<\/ul>\n\n\n\n<h2 class=\"wp-block-heading\">17. Hizmet Kullan\u0131labilirli\u011fi ve De\u011fi\u015fiklikler<\/h2>\n\n\n\n<ul class=\"wp-block-list\">\n<li>Hizmetlerin s\u00fcrekli olarak eri\u015filebilir olmas\u0131n\u0131 hedefliyoruz, ancak kesintisiz veya hatas\u0131z \u00e7al\u0131\u015fma garantisi veremiyoruz.<\/li>\n\n\n\n<li>Makul oldu\u011fu durumlarda, bildirimde bulunarak veya bulunmadan, \u00f6zellikleri veya Hizmetleri (tamamen veya k\u0131smen) de\u011fi\u015ftirebilir, ask\u0131ya alabilir veya sonland\u0131rabiliriz.<\/li>\n\n\n\n<li>Bu \u015eartlarda yap\u0131lacak \u00f6nemli de\u011fi\u015fiklikler, bu sayfan\u0131n g\u00fcncellenmesi ve &quot;Son g\u00fcncelleme&quot; tarihinin revize edilmesi yoluyla bildirilecektir.<\/li>\n<\/ul>\n\n\n\n<h2 class=\"wp-block-heading\">18. Garanti ve Sorumluluk Reddi Beyanlar\u0131<\/h2>\n\n\n\n<ul class=\"wp-block-list\">\n<li>Hizmetler ve Dijital \u0130\u00e7erik &quot;oldu\u011fu gibi&quot; ve &quot;mevcut oldu\u011fu \u015fekilde&quot; sa\u011flanmaktad\u0131r.<\/li>\n\n\n\n<li>Dijital \u0130\u00e7eri\u011fin belirli bir amaca uygun olaca\u011f\u0131n\u0131 veya \u00fcretken sistemlerde do\u011fal olarak bulunan t\u00fcm yanl\u0131\u015fl\u0131klardan veya kusurlardan ar\u0131nm\u0131\u015f olaca\u011f\u0131n\u0131 garanti etmiyoruz.<\/li>\n<\/ul>\n\n\n\n<h2 class=\"wp-block-heading\">19. Sorumluluk<\/h2>\n\n\n\n<ul class=\"wp-block-list\">\n<li>Bu \u015eartlarda yer alan hi\u00e7bir \u015fey, ihmal, doland\u0131r\u0131c\u0131l\u0131k veya y\u00fcr\u00fcrl\u00fckteki yasa uyar\u0131nca s\u0131n\u0131rland\u0131r\u0131lamayan herhangi bir sorumluluktan kaynaklanan \u00f6l\u00fcm veya ki\u015fisel yaralanma sorumlulu\u011funu s\u0131n\u0131rlamaz.<\/li>\n\n\n\n<li>Yasalar\u0131n izin verdi\u011fi azami \u00f6l\u00e7\u00fcde, a\u015fa\u011f\u0131daki hususlardan kaynaklanan sorumlulu\u011fu reddediyoruz: (i) dolayl\u0131 veya sonu\u00e7sal kay\u0131plar; (ii) kar, gelir veya veri kayb\u0131; (iii) i\u015f kesintisi.<\/li>\n\n\n\n<li>Hizmetlerden kaynaklanan veya Hizmetlerle ba\u011flant\u0131l\u0131 herhangi bir iddia i\u00e7in toplam sorumlulu\u011fumuz, a\u015fa\u011f\u0131dakilerden daha b\u00fcy\u00fck olan\u0131 a\u015fmayacakt\u0131r: (a) iddiaya yol a\u00e7an belirli Sipari\u015f i\u00e7in \u00f6dedi\u011finiz tutar; veya (b) 100 ABD Dolar\u0131.<\/li>\n<\/ul>\n\n\n\n<h2 class=\"wp-block-heading\">20. Ask\u0131ya Alma ve Fesih<\/h2>\n\n\n\n<ul class=\"wp-block-list\">\n<li>Bu \u015eartlar\u0131 ihlal etti\u011finize veya Hizmetleri k\u00f6t\u00fcye kulland\u0131\u011f\u0131n\u0131za makul bir \u015fekilde inand\u0131\u011f\u0131m\u0131z durumlarda eri\u015fiminizi ask\u0131ya alabilir veya sonland\u0131rabiliriz.<\/li>\n\n\n\n<li>S\u00f6zle\u015fmenin sona ermesiyle birlikte, bu \u015eartlar kapsam\u0131nda size verilen lisanslar sona erebilir ve kullan\u0131lmayan Krediler ilgili yasalara uygun olarak iptal edilebilir.<\/li>\n<\/ul>\n\n\n\n<h2 class=\"wp-block-heading\">21. M\u00fccbir Sebep<\/h2>\n\n\n\n<p>\u00dc\u00e7\u00fcnc\u00fc taraf platformlar\u0131n, a\u011flar\u0131n, hizmetlerin veya sa\u011flay\u0131c\u0131lar\u0131n ar\u0131zalar\u0131 da dahil olmak \u00fczere, makul kontrol\u00fcm\u00fcz d\u0131\u015f\u0131nda kalan olaylardan kaynaklanan herhangi bir ar\u0131za veya gecikmeden sorumlu de\u011filiz.<\/p>\n\n\n\n<h2 class=\"wp-block-heading\">22. Uygulanacak Hukuk ve Yarg\u0131 Yetkisi<\/h2>\n\n\n\n<p>Bu \u015eartlar ve bunlardan kaynaklanan veya bunlarla ba\u011flant\u0131l\u0131 olarak ortaya \u00e7\u0131kan s\u00f6zle\u015fme d\u0131\u015f\u0131 y\u00fck\u00fcml\u00fcl\u00fckler, \u0130ngiltere ve Galler yasalar\u0131na tabidir. \u0130ngiltere ve Galler mahkemeleri, ge\u00e7erli oldu\u011fu durumlarda zorunlu t\u00fcketici koruma kurallar\u0131na tabi olmak kayd\u0131yla, m\u00fcnhas\u0131r yarg\u0131 yetkisine sahip olacakt\u0131r.<\/p>\n\n\n\n<h2 class=\"wp-block-heading\">23. Duyurular ve \u0130leti\u015fim<\/h2>\n\n\n\n<p>Bu \u015eartlarla ilgili t\u00fcm bildirimler ve sorular \u015fu adrese g\u00f6nderilmelidir: <a href=\"mailto:info@frame-mill.com\">info@frame-mill.com<\/a>.<\/p>\n\n\n\n<h2 class=\"wp-block-heading\">24. \u00c7e\u015fitli<\/h2>\n\n\n\n<ul class=\"wp-block-list\">\n<li>B\u00f6l\u00fcnebilirlik: Herhangi bir h\u00fckm\u00fcn ge\u00e7ersiz veya uygulanamaz bulunmas\u0131 durumunda, geri kalan h\u00fck\u00fcmler y\u00fcr\u00fcrl\u00fckte kal\u0131r.<\/li>\n\n\n\n<li>Feragat yok: Herhangi bir h\u00fckm\u00fc uygulamamam\u0131z, haklar\u0131m\u0131zdan feragat etti\u011fimiz anlam\u0131na gelmez.<\/li>\n\n\n\n<li>Devir: Haklar\u0131n\u0131z\u0131 veya y\u00fck\u00fcml\u00fcl\u00fcklerinizi \u00f6nceden yaz\u0131l\u0131 onay\u0131m\u0131z olmadan devredemez veya ba\u015fkas\u0131na aktaramazs\u0131n\u0131z.<\/li>\n\n\n\n<li>T\u00fcm S\u00f6zle\u015fme: Bu \u015eartlar, Hizmetlere ili\u015fkin t\u00fcm s\u00f6zle\u015fmeyi olu\u015fturur ve \u00f6nceki t\u00fcm s\u00f6zle\u015fmelerin yerine ge\u00e7er.<\/li>\n<\/ul>","protected":false},"excerpt":{"rendered":"<p>TERMS &amp; CONDITIONS Frame\u2011Mill \u2014 frame-mill.com Company: THE REAL DEAL PROVIDERS LTD (Company No. 16108011)Registered office: Dept 6152, 43 Owston Road, Carcroft, Doncaster, United Kingdom, DN6 8DATrading name \/ Site: Frame\u2011Mill \u2014 frame-mill.comContact: info@frame-mill.comSupported currencies: USD, EUR, AUD, CADLast updated: 25 September 2025 1. Scope These Terms &amp; Conditions (\u201cTerms\u201d) govern your access to and [&hellip;]<\/p>\n","protected":false},"author":1,"featured_media":0,"parent":0,"menu_order":0,"comment_status":"closed","ping_status":"closed","template":"","meta":{"footnotes":""},"class_list":["post-19533","page","type-page","status-publish","hentry"],"_links":{"self":[{"href":"https:\/\/frame-mill.com\/tr\/wp-json\/wp\/v2\/pages\/19533","targetHints":{"allow":["GET"]}}],"collection":[{"href":"https:\/\/frame-mill.com\/tr\/wp-json\/wp\/v2\/pages"}],"about":[{"href":"https:\/\/frame-mill.com\/tr\/wp-json\/wp\/v2\/types\/page"}],"author":[{"embeddable":true,"href":"https:\/\/frame-mill.com\/tr\/wp-json\/wp\/v2\/users\/1"}],"replies":[{"embeddable":true,"href":"https:\/\/frame-mill.com\/tr\/wp-json\/wp\/v2\/comments?post=19533"}],"version-history":[{"count":2,"href":"https:\/\/frame-mill.com\/tr\/wp-json\/wp\/v2\/pages\/19533\/revisions"}],"predecessor-version":[{"id":19635,"href":"https:\/\/frame-mill.com\/tr\/wp-json\/wp\/v2\/pages\/19533\/revisions\/19635"}],"wp:attachment":[{"href":"https:\/\/frame-mill.com\/tr\/wp-json\/wp\/v2\/media?parent=19533"}],"curies":[{"name":"wp","href":"https:\/\/api.w.org\/{rel}","templated":true}]}}