{"id":19522,"date":"2026-02-27T15:27:42","date_gmt":"2026-02-27T15:27:42","guid":{"rendered":"https:\/\/frame-mill.com\/?page_id=19522"},"modified":"2026-02-27T15:29:27","modified_gmt":"2026-02-27T15:29:27","slug":"digital-product-fulfillment-policy","status":"publish","type":"page","link":"https:\/\/frame-mill.com\/tr\/digital-product-fulfillment-policy\/","title":{"rendered":"Dijital \u00dcr\u00fcn Teslimat Politikas\u0131"},"content":{"rendered":"<h1 class=\"wp-block-heading\">Dijital \u00dcr\u00fcn Teslimat Politikas\u0131<\/h1>\n\n\n\n<p>Bu web sitesinde bulunan t\u00fcm \u00fcr\u00fcnler yaln\u0131zca dijital formatta sunulmaktad\u0131r.<\/p>\n\n\n\n<p>Biz herhangi bir fiziksel \u00fcr\u00fcn g\u00f6ndermiyor veya teslim etmiyoruz.<br> <br><\/p>\n\n\n\n<p>\u00d6demeniz ba\u015far\u0131yla i\u015flendikten sonra, sat\u0131n ald\u0131\u011f\u0131n\u0131z dijital i\u00e7eri\u011fe a\u015fa\u011f\u0131daki y\u00f6ntemlerden biriyle an\u0131nda eri\u015fim sa\u011flan\u0131r:<\/p>\n\n\n\n<p>E-posta adresinize g\u00f6nderilen bir indirme ba\u011flant\u0131s\u0131 veya<\/p>\n\n\n\n<p>Web sitemizdeki ki\u015fisel hesab\u0131n\u0131z \u00fczerinden do\u011frudan eri\u015fim sa\u011flayabilirsiniz.<\/p>\n\n\n\n<p>\u00d6deme onay\u0131ndan sonra 24 saat i\u00e7inde eri\u015fim sa\u011flanmazsa, l\u00fctfen yard\u0131m i\u00e7in info@frame-mill.com adresinden destek ekibimizle ileti\u015fime ge\u00e7in.<\/p>\n\n\n\n<p><\/p>","protected":false},"excerpt":{"rendered":"<p>Digital Product Fulfillment Policy All items available on this website are provided exclusively in digital format. We do not ship or deliver any physical products. Once your payment is successfully processed, access to the purchased digital content is granted instantly through one of the following methods: a download link sent to your email address, or [&hellip;]<\/p>\n","protected":false},"author":1,"featured_media":0,"parent":0,"menu_order":0,"comment_status":"closed","ping_status":"closed","template":"","meta":{"footnotes":""},"class_list":["post-19522","page","type-page","status-publish","hentry"],"_links":{"self":[{"href":"https:\/\/frame-mill.com\/tr\/wp-json\/wp\/v2\/pages\/19522","targetHints":{"allow":["GET"]}}],"collection":[{"href":"https:\/\/frame-mill.com\/tr\/wp-json\/wp\/v2\/pages"}],"about":[{"href":"https:\/\/frame-mill.com\/tr\/wp-json\/wp\/v2\/types\/page"}],"author":[{"embeddable":true,"href":"https:\/\/frame-mill.com\/tr\/wp-json\/wp\/v2\/users\/1"}],"replies":[{"embeddable":true,"href":"https:\/\/frame-mill.com\/tr\/wp-json\/wp\/v2\/comments?post=19522"}],"version-history":[{"count":3,"href":"https:\/\/frame-mill.com\/tr\/wp-json\/wp\/v2\/pages\/19522\/revisions"}],"predecessor-version":[{"id":19526,"href":"https:\/\/frame-mill.com\/tr\/wp-json\/wp\/v2\/pages\/19522\/revisions\/19526"}],"wp:attachment":[{"href":"https:\/\/frame-mill.com\/tr\/wp-json\/wp\/v2\/media?parent=19522"}],"curies":[{"name":"wp","href":"https:\/\/api.w.org\/{rel}","templated":true}]}}