{"id":19490,"date":"2026-02-27T14:26:09","date_gmt":"2026-02-27T14:26:09","guid":{"rendered":"https:\/\/frame-mill.com\/?page_id=19490"},"modified":"2026-04-07T14:34:10","modified_gmt":"2026-04-07T14:34:10","slug":"generate","status":"publish","type":"page","link":"https:\/\/frame-mill.com\/tr\/generate\/","title":{"rendered":"Olu\u015ftur"},"content":{"rendered":"<div data-elementor-type=\"wp-page\" data-elementor-id=\"19490\" class=\"elementor elementor-19490\" data-elementor-post-type=\"page\">\n\t\t\t\t<div class=\"elementor-element elementor-element-059e7b4 e-flex e-con-boxed pxl-row-scroll-none pxl-column-none pxl-full-content-with-space-none e-con e-parent\" data-id=\"059e7b4\" data-element_type=\"container\">\t\t\t<div class=\"e-con-inner\">\r\n\t\t\t\t<div class=\"elementor-element elementor-element-1532f7a elementor-widget elementor-widget-heading\" data-id=\"1532f7a\" data-element_type=\"widget\" data-widget_type=\"heading.default\">\n\t\t\t\t\t<h2 class=\"elementor-heading-title elementor-size-default\">Orijinal Yapay Zeka Sanat Eseri Olu\u015fturun<\/h2>\t\t\t\t<\/div>\n\t\t\t\t<div class=\"elementor-element elementor-element-48279e2 elementor-widget elementor-widget-text-editor\" data-id=\"48279e2\" data-element_type=\"widget\" data-widget_type=\"text-editor.default\">\n\t\t\t\t\t\t\t\t\t<p>Ki\u015fiselle\u015ftirilmi\u015f bir g\u00f6rsel olu\u015fturmak i\u00e7in iste\u011finizi girin veya \u00f6zenle se\u00e7ilmi\u015f ola\u011fan\u00fcst\u00fc yapay zeka sanat eserlerinden olu\u015fan galerimizi ke\u015ffedin.<\/p>\t\t\t\t\t\t\t\t<\/div>\n\t\t\t\t<div class=\"elementor-element elementor-element-1d2c2eb elementor-widget elementor-widget-shortcode\" data-id=\"1d2c2eb\" data-element_type=\"widget\" data-widget_type=\"shortcode.default\">\n\t\t\t\t\t\t\t<div class=\"elementor-shortcode\"><div style=\"margin:0 auto; text-align:center;\">\n<p>Bakiyenizi g\u00f6r\u00fcnt\u00fclemek i\u00e7in <a style=\"color:red;\" href=\"\/tr\/my-account\/\">giri\u015f yapmak<\/a> veya <a style=\"color:red;\" href=\"\/tr\/my-account\/\">kay\u0131t olmak<\/a>.<\/p>\n<\/div><\/div>\n\t\t\t\t\t\t<\/div>\n\t\t\t\t<div class=\"elementor-element elementor-element-14b41a7 elementor-widget elementor-widget-text-editor\" data-id=\"14b41a7\" data-element_type=\"widget\" data-widget_type=\"text-editor.default\">\n\t\t\t\t\t\t\t\t\t<p>*Gereklilikler\u00a0<b>1 Kredi<\/b> C\u00fczdan\u0131n\u0131zda.<\/p>\t\t\t\t\t\t\t\t<\/div>\n\t\t\t\t<div class=\"elementor-element elementor-element-c7201e6 elementor-align-center elementor-widget elementor-widget-button\" data-id=\"c7201e6\" data-element_type=\"widget\" data-widget_type=\"button.default\">\n\t\t\t\t\t\t\t\t\t\t<a class=\"elementor-button elementor-button-link elementor-size-sm\" href=\"\/tr\/urun\/credits\/\">\n\t\t\t\t\t\t<span class=\"elementor-button-content-wrapper\">\n\t\t\t\t\t\t\t\t\t<span class=\"elementor-button-text\">\u00dcST BAK\u0130YE<\/span>\n\t\t\t\t\t<\/span>\n\t\t\t\t\t<\/a>\n\t\t\t\t\t\t\t\t<\/div>\n\t\t\t\t<div class=\"elementor-element elementor-element-3040f0f elementor-widget__width-initial elementor-widget elementor-widget-shortcode\" data-id=\"3040f0f\" data-element_type=\"widget\" data-widget_type=\"shortcode.default\">\n\t\t\t\t\t\t\t<div class=\"elementor-shortcode\"><div class='mwai-chatbot-container' data-params='{&quot;aiName&quot;:&quot;AI: &quot;,&quot;userName&quot;:&quot;User: &quot;,&quot;guestName&quot;:&quot;Guest:&quot;,&quot;aiAvatar&quot;:true,&quot;aiAvatarUrl&quot;:&quot;chat-robot-1.svg&quot;,&quot;textSend&quot;:&quot;Generate&quot;,&quot;textClear&quot;:&quot;Clear&quot;,&quot;imageUpload&quot;:false,&quot;fileUpload&quot;:false,&quot;multiUpload&quot;:false,&quot;maxUploads&quot;:1,&quot;fileUploads&quot;:0,&quot;mode&quot;:&quot;images&quot;,&quot;textInputPlaceholder&quot;:&quot;Tell us about Your image&quot;,&quot;textInputMaxLength&quot;:512,&quot;textCompliance&quot;:&quot;&quot;,&quot;startSentence&quot;:&quot;Tell us about ur image&quot;,&quot;localMemory&quot;:true,&quot;themeId&quot;:&quot;chatgpt&quot;,&quot;window&quot;:false,&quot;icon&quot;:&quot;&quot;,&quot;iconText&quot;:&quot;&quot;,&quot;iconTextDelay&quot;:1,&quot;iconAlt&quot;:&quot;AI Engine Chatbot&quot;,&quot;iconPosition&quot;:&quot;bottom-right&quot;,&quot;centerOpen&quot;:false,&quot;width&quot;:&quot;&quot;,&quot;openDelay&quot;:&quot;&quot;,&quot;iconBubble&quot;:false,&quot;windowAnimation&quot;:&quot;zoom&quot;,&quot;fullscreen&quot;:false,&quot;copyButton&quot;:true,&quot;headerSubtitle&quot;:&quot;Discuss with&quot;,&quot;containerType&quot;:&quot;standard&quot;,&quot;headerType&quot;:&quot;standard&quot;,&quot;messagesType&quot;:&quot;standard&quot;,&quot;inputType&quot;:&quot;standard&quot;,&quot;footerType&quot;:&quot;standard&quot;}' data-system='{&quot;botId&quot;:&quot;default&quot;,&quot;customId&quot;:&quot;2115d0d83a9a54730a027bb6aeefbf21&quot;,&quot;userData&quot;:null,&quot;sessionId&quot;:&quot;69d577e1ab6b6&quot;,&quot;restNonce&quot;:null,&quot;contextId&quot;:19490,&quot;pluginUrl&quot;:&quot;https:\\\/\\\/frame-mill.com\\\/wp-content\\\/plugins\\\/ai-engine\\\/&quot;,&quot;restUrl&quot;:&quot;https:\\\/\\\/frame-mill.com\\\/tr\\\/wp-json&quot;,&quot;stream&quot;:true,&quot;debugMode&quot;:false,&quot;eventLogs&quot;:false,&quot;speech_recognition&quot;:false,&quot;speech_synthesis&quot;:false,&quot;typewriter&quot;:false,&quot;crossSite&quot;:false,&quot;actions&quot;:[],&quot;blocks&quot;:[],&quot;shortcuts&quot;:[]}' data-theme='{&quot;type&quot;:&quot;internal&quot;,&quot;name&quot;:&quot;ChatGPT&quot;,&quot;themeId&quot;:&quot;chatgpt&quot;,&quot;settings&quot;:[],&quot;style&quot;:&quot;&quot;}'><\/div><\/div>\n\t\t\t\t\t\t<\/div>\n\t\t\t\t\t<\/div>\r\n\t\t\t\t<\/div>\r\n\t\t\t\t<\/div>","protected":false},"excerpt":{"rendered":"<p>Generate Original AI Artwork Input your prompt to create a personalized image, or explore our handpicked gallery of remarkable AI art. *Requires\u00a01 Credits on Your Wallet. TOP BALLANCE<\/p>","protected":false},"author":1,"featured_media":0,"parent":0,"menu_order":0,"comment_status":"closed","ping_status":"closed","template":"","meta":{"footnotes":""},"class_list":["post-19490","page","type-page","status-publish","hentry"],"_links":{"self":[{"href":"https:\/\/frame-mill.com\/tr\/wp-json\/wp\/v2\/pages\/19490","targetHints":{"allow":["GET"]}}],"collection":[{"href":"https:\/\/frame-mill.com\/tr\/wp-json\/wp\/v2\/pages"}],"about":[{"href":"https:\/\/frame-mill.com\/tr\/wp-json\/wp\/v2\/types\/page"}],"author":[{"embeddable":true,"href":"https:\/\/frame-mill.com\/tr\/wp-json\/wp\/v2\/users\/1"}],"replies":[{"embeddable":true,"href":"https:\/\/frame-mill.com\/tr\/wp-json\/wp\/v2\/comments?post=19490"}],"version-history":[{"count":13,"href":"https:\/\/frame-mill.com\/tr\/wp-json\/wp\/v2\/pages\/19490\/revisions"}],"predecessor-version":[{"id":19721,"href":"https:\/\/frame-mill.com\/tr\/wp-json\/wp\/v2\/pages\/19490\/revisions\/19721"}],"wp:attachment":[{"href":"https:\/\/frame-mill.com\/tr\/wp-json\/wp\/v2\/media?parent=19490"}],"curies":[{"name":"wp","href":"https:\/\/api.w.org\/{rel}","templated":true}]}}