{"id":1642,"date":"2025-05-26T09:48:02","date_gmt":"2025-05-26T09:48:02","guid":{"rendered":"https:\/\/dreamslab.bravisthemes.com\/?page_id=1642"},"modified":"2026-04-07T14:39:31","modified_gmt":"2026-04-07T14:39:31","slug":"faqs","status":"publish","type":"page","link":"https:\/\/frame-mill.com\/tr\/faqs\/","title":{"rendered":"S\u0131k\u00e7a Sorulan Sorular"},"content":{"rendered":"<div data-elementor-type=\"wp-page\" data-elementor-id=\"1642\" class=\"elementor elementor-1642\" data-elementor-post-type=\"page\">\n\t\t\t\t<div class=\"elementor-element elementor-element-7349453 e-flex e-con-boxed pxl-row-scroll-none pxl-column-none pxl-full-content-with-space-none e-con e-parent\" data-id=\"7349453\" data-element_type=\"container\">\t\t\t<div class=\"e-con-inner\">\r\n\t\t<div class=\"elementor-element elementor-element-ea4b33d e-con-full wow PXLfadeInUp e-flex pxl-row-scroll-none pxl-column-none pxl-full-content-with-space-none e-con e-child\" data-id=\"ea4b33d\" data-element_type=\"container\">\t\t<div class=\"elementor-element elementor-element-b56d878 elementor-widget elementor-widget-pxl_heading\" data-id=\"b56d878\" data-element_type=\"widget\" data-widget_type=\"pxl_heading.default\">\n\t\t\t\t<div class=\"elementor-widget-container\">\n\t\t\t\t\t\n<div id=\"pxl-pxl_heading-b56d878-8176\" \n\tclass=\"pxl-heading  px-sub-title-default style-default-style\" \n\tdata-pxl-parallax='{&quot;x&quot;:0,&quot;y&quot;:0,&quot;z&quot;:0}'>\n\t<div class=\"pxl-heading--inner\">\n\t\t\n\t\t<h3 class=\"pxl-item--title  style-default\" data-wow-delay=\"ms\" data-setting=\"\">\n\t\t\t\t\tS\u0131k\u00e7a Sorulan Sorular\t\n\t\t\t\n\t\t<\/h3>\n\n\t<\/div>\n<\/div>\t\t\t\t<\/div>\n\t\t\t\t<\/div>\n\t\t\t\t<div class=\"elementor-element elementor-element-7b5e551 elementor-widget elementor-widget-n-accordion\" data-id=\"7b5e551\" data-element_type=\"widget\" data-settings=\"{&quot;default_state&quot;:&quot;expanded&quot;,&quot;max_items_expended&quot;:&quot;one&quot;,&quot;n_accordion_animation_duration&quot;:{&quot;unit&quot;:&quot;ms&quot;,&quot;size&quot;:400,&quot;sizes&quot;:[]}}\" data-widget_type=\"nested-accordion.default\">\n\t\t\t\t\t\t\t<div class=\"e-n-accordion\" aria-label=\"Akordiyon. Ba\u011flant\u0131lar\u0131 Enter veya Space tu\u015fuyla a\u00e7\u0131n, Escape tu\u015fuyla kapat\u0131n ve ok tu\u015flar\u0131yla gezinin.\">\n\t\t\t\t\t\t<details id=\"e-n-accordion-item-1290\" class=\"e-n-accordion-item\" open>\n\t\t\t\t<summary class=\"e-n-accordion-item-title\" data-accordion-index=\"1\" tabindex=\"0\" aria-expanded=\"true\" aria-controls=\"e-n-accordion-item-1290\" >\n\t\t\t\t\t<span class='e-n-accordion-item-title-header'><div class=\"e-n-accordion-item-title-text\"> Her indirme dosyas\u0131nda neler bulunur? <\/div><\/span>\n\t\t\t\t\t\t\t<span class='e-n-accordion-item-title-icon'>\n\t\t\t<span class='e-opened' ><i aria-hidden=\"true\" class=\"fas fa-minus\"><\/i><\/span>\n\t\t\t<span class='e-closed'><i aria-hidden=\"true\" class=\"fas fa-plus\"><\/i><\/span>\n\t\t<\/span>\n\n\t\t\t\t\t\t<\/summary>\n\t\t\t\t<div role=\"region\" aria-labelledby=\"e-n-accordion-item-1290\" class=\"elementor-element elementor-element-0301c01 e-con-full e-flex pxl-row-scroll-none pxl-column-none pxl-full-content-with-space-none e-con e-child\" data-id=\"0301c01\" data-element_type=\"container\">\t\t<div class=\"elementor-element elementor-element-c215217 elementor-widget elementor-widget-text-editor\" data-id=\"c215217\" data-element_type=\"widget\" data-widget_type=\"text-editor.default\">\n\t\t\t\t\t\t\t\t\t<p>Her indirme, hem dijital hem de bask\u0131 kullan\u0131m\u0131 i\u00e7in optimize edilmi\u015f y\u00fcksek \u00e7\u00f6z\u00fcn\u00fcrl\u00fckl\u00fc bir g\u00f6r\u00fcnt\u00fc i\u00e7erir.<\/p>\t\t\t\t\t\t\t\t<\/div>\n\t\t\t\t<\/div>\r\n\t\t\t\t\t<\/details>\n\t\t\t\t\t\t<details id=\"e-n-accordion-item-1291\" class=\"e-n-accordion-item\" >\n\t\t\t\t<summary class=\"e-n-accordion-item-title\" data-accordion-index=\"2\" tabindex=\"-1\" aria-expanded=\"false\" aria-controls=\"e-n-accordion-item-1291\" >\n\t\t\t\t\t<span class='e-n-accordion-item-title-header'><div class=\"e-n-accordion-item-title-text\"> G\u00f6rselleri ticari ama\u00e7larla kullanabilir miyim? <\/div><\/span>\n\t\t\t\t\t\t\t<span class='e-n-accordion-item-title-icon'>\n\t\t\t<span class='e-opened' ><i aria-hidden=\"true\" class=\"fas fa-minus\"><\/i><\/span>\n\t\t\t<span class='e-closed'><i aria-hidden=\"true\" class=\"fas fa-plus\"><\/i><\/span>\n\t\t<\/span>\n\n\t\t\t\t\t\t<\/summary>\n\t\t\t\t<div role=\"region\" aria-labelledby=\"e-n-accordion-item-1291\" class=\"elementor-element elementor-element-f2df891 e-con-full e-flex pxl-row-scroll-none pxl-column-none pxl-full-content-with-space-none e-con e-child\" data-id=\"f2df891\" data-element_type=\"container\">\t\t<div class=\"elementor-element elementor-element-be0af6b elementor-widget elementor-widget-text-editor\" data-id=\"be0af6b\" data-element_type=\"widget\" data-widget_type=\"text-editor.default\">\n\t\t\t\t\t\t\t\t\t<p>Evet. T\u00fcm g\u00f6rseller hem ki\u015fisel hem de ticari projeler i\u00e7in lisansl\u0131d\u0131r; yani bunlar\u0131 web sitelerinde, reklamlarda, uygulamalarda, sunumlarda ve daha bir\u00e7ok yerde g\u00fcvenle kullanabilirsiniz.<\/p>\t\t\t\t\t\t\t\t<\/div>\n\t\t\t\t<\/div>\r\n\t\t\t\t\t<\/details>\n\t\t\t\t\t\t<details id=\"e-n-accordion-item-1292\" class=\"e-n-accordion-item\" >\n\t\t\t\t<summary class=\"e-n-accordion-item-title\" data-accordion-index=\"3\" tabindex=\"-1\" aria-expanded=\"false\" aria-controls=\"e-n-accordion-item-1292\" >\n\t\t\t\t\t<span class='e-n-accordion-item-title-header'><div class=\"e-n-accordion-item-title-text\"> K\u00fct\u00fcphane ne s\u0131kl\u0131kla g\u00fcncelleniyor? <\/div><\/span>\n\t\t\t\t\t\t\t<span class='e-n-accordion-item-title-icon'>\n\t\t\t<span class='e-opened' ><i aria-hidden=\"true\" class=\"fas fa-minus\"><\/i><\/span>\n\t\t\t<span class='e-closed'><i aria-hidden=\"true\" class=\"fas fa-plus\"><\/i><\/span>\n\t\t<\/span>\n\n\t\t\t\t\t\t<\/summary>\n\t\t\t\t<div role=\"region\" aria-labelledby=\"e-n-accordion-item-1292\" class=\"elementor-element elementor-element-3b37819 e-con-full e-flex pxl-row-scroll-none pxl-column-none pxl-full-content-with-space-none e-con e-child\" data-id=\"3b37819\" data-element_type=\"container\">\t\t<div class=\"elementor-element elementor-element-ebb010d elementor-widget elementor-widget-text-editor\" data-id=\"ebb010d\" data-element_type=\"widget\" data-widget_type=\"text-editor.default\">\n\t\t\t\t\t\t\t\t\t<p>Her zaman yeni ve ilham verici i\u00e7eriklere eri\u015febilmeniz i\u00e7in d\u00fczenli olarak yeni yapay zeka taraf\u0131ndan olu\u015fturulmu\u015f sanat eserleri eklenmektedir. Amac\u0131m\u0131z koleksiyonu dinamik ve s\u00fcrekli b\u00fcy\u00fcyen tutmakt\u0131r.<\/p>\t\t\t\t\t\t\t\t<\/div>\n\t\t\t\t<\/div>\r\n\t\t\t\t\t<\/details>\n\t\t\t\t\t\t<details id=\"e-n-accordion-item-1293\" class=\"e-n-accordion-item\" >\n\t\t\t\t<summary class=\"e-n-accordion-item-title\" data-accordion-index=\"4\" tabindex=\"-1\" aria-expanded=\"false\" aria-controls=\"e-n-accordion-item-1293\" >\n\t\t\t\t\t<span class='e-n-accordion-item-title-header'><div class=\"e-n-accordion-item-title-text\"> G\u00f6rselleri kullan\u0131rken kayna\u011f\u0131 belirtmem gerekiyor mu? <\/div><\/span>\n\t\t\t\t\t\t\t<span class='e-n-accordion-item-title-icon'>\n\t\t\t<span class='e-opened' ><i aria-hidden=\"true\" class=\"fas fa-minus\"><\/i><\/span>\n\t\t\t<span class='e-closed'><i aria-hidden=\"true\" class=\"fas fa-plus\"><\/i><\/span>\n\t\t<\/span>\n\n\t\t\t\t\t\t<\/summary>\n\t\t\t\t<div role=\"region\" aria-labelledby=\"e-n-accordion-item-1293\" class=\"elementor-element elementor-element-dfa6282 e-con-full e-flex pxl-row-scroll-none pxl-column-none pxl-full-content-with-space-none e-con e-child\" data-id=\"dfa6282\" data-element_type=\"container\">\t\t<div class=\"elementor-element elementor-element-73cc4e7 elementor-widget elementor-widget-text-editor\" data-id=\"73cc4e7\" data-element_type=\"widget\" data-widget_type=\"text-editor.default\">\n\t\t\t\t\t\t\t\t\t<p>Kaynak belirtme zorunlulu\u011fu yoktur. G\u00f6rsellerimizi projelerinizde platformdan bahsetmeden kullanabilirsiniz, ancak kaynak belirtilmesi her zaman takdir edilir.<\/p>\t\t\t\t\t\t\t\t<\/div>\n\t\t\t\t<\/div>\r\n\t\t\t\t\t<\/details>\n\t\t\t\t\t\t<details id=\"e-n-accordion-item-1294\" class=\"e-n-accordion-item\" >\n\t\t\t\t<summary class=\"e-n-accordion-item-title\" data-accordion-index=\"5\" tabindex=\"-1\" aria-expanded=\"false\" aria-controls=\"e-n-accordion-item-1294\" >\n\t\t\t\t\t<span class='e-n-accordion-item-title-header'><div class=\"e-n-accordion-item-title-text\"> Hangi \u00f6deme y\u00f6ntemleri kabul ediliyor? <\/div><\/span>\n\t\t\t\t\t\t\t<span class='e-n-accordion-item-title-icon'>\n\t\t\t<span class='e-opened' ><i aria-hidden=\"true\" class=\"fas fa-minus\"><\/i><\/span>\n\t\t\t<span class='e-closed'><i aria-hidden=\"true\" class=\"fas fa-plus\"><\/i><\/span>\n\t\t<\/span>\n\n\t\t\t\t\t\t<\/summary>\n\t\t\t\t<div role=\"region\" aria-labelledby=\"e-n-accordion-item-1294\" class=\"elementor-element elementor-element-d1e1770 e-con-full e-flex pxl-row-scroll-none pxl-column-none pxl-full-content-with-space-none e-con e-child\" data-id=\"d1e1770\" data-element_type=\"container\">\t\t<div class=\"elementor-element elementor-element-ccddde7 elementor-widget elementor-widget-text-editor\" data-id=\"ccddde7\" data-element_type=\"widget\" data-widget_type=\"text-editor.default\">\n\t\t\t\t\t\t\t\t\t<p>Ba\u015fl\u0131ca kredi kartlar\u0131n\u0131 ve di\u011fer g\u00fcvenli \u00f6deme y\u00f6ntemlerini destekleyerek g\u00fcvenli ve kolay i\u015flemler sa\u011fl\u0131yoruz.<\/p>\t\t\t\t\t\t\t\t<\/div>\n\t\t\t\t<\/div>\r\n\t\t\t\t\t<\/details>\n\t\t\t\t\t<\/div>\n\t\t\t\t\t\t<\/div>\n\t\t\t\t<div class=\"elementor-element elementor-element-a22a095 elementor-widget elementor-widget-pxl_divider\" data-id=\"a22a095\" data-element_type=\"widget\" data-widget_type=\"pxl_divider.default\">\n\t\t\t\t<div class=\"elementor-widget-container\">\n\t\t\t\t\t<div class=\"pxl-divider horizontal animated normal\"><div class=\"pxl-divider-separator\"><\/div><\/div>\t\t\t\t<\/div>\n\t\t\t\t<\/div>\n\t\t\t\t<\/div>\r\n\t\t\t\t\t<\/div>\r\n\t\t\t\t<\/div>\r\n\t\t\t\t<\/div>","protected":false},"excerpt":{"rendered":"<p>FAQs What is included with each download? Every download comes with a high-resolution image, optimized for both digital and print use. Can I use the visuals for commercial purposes? Yes. All visuals are licensed for both personal and commercial projects, meaning you can safely use them for websites, ads, apps, presentations, and more. How often [&hellip;]<\/p>\n","protected":false},"author":1,"featured_media":0,"parent":0,"menu_order":0,"comment_status":"closed","ping_status":"closed","template":"","meta":{"footnotes":""},"class_list":["post-1642","page","type-page","status-publish","hentry"],"_links":{"self":[{"href":"https:\/\/frame-mill.com\/tr\/wp-json\/wp\/v2\/pages\/1642","targetHints":{"allow":["GET"]}}],"collection":[{"href":"https:\/\/frame-mill.com\/tr\/wp-json\/wp\/v2\/pages"}],"about":[{"href":"https:\/\/frame-mill.com\/tr\/wp-json\/wp\/v2\/types\/page"}],"author":[{"embeddable":true,"href":"https:\/\/frame-mill.com\/tr\/wp-json\/wp\/v2\/users\/1"}],"replies":[{"embeddable":true,"href":"https:\/\/frame-mill.com\/tr\/wp-json\/wp\/v2\/comments?post=1642"}],"version-history":[{"count":6,"href":"https:\/\/frame-mill.com\/tr\/wp-json\/wp\/v2\/pages\/1642\/revisions"}],"predecessor-version":[{"id":19631,"href":"https:\/\/frame-mill.com\/tr\/wp-json\/wp\/v2\/pages\/1642\/revisions\/19631"}],"wp:attachment":[{"href":"https:\/\/frame-mill.com\/tr\/wp-json\/wp\/v2\/media?parent=1642"}],"curies":[{"name":"wp","href":"https:\/\/api.w.org\/{rel}","templated":true}]}}