{"id":15,"date":"2025-05-08T07:33:29","date_gmt":"2025-05-08T07:33:29","guid":{"rendered":"https:\/\/dreamslab.bravisthemes.com\/wishlist\/"},"modified":"2025-05-08T07:33:29","modified_gmt":"2025-05-08T07:33:29","slug":"wishlist","status":"publish","type":"page","link":"https:\/\/frame-mill.com\/tr\/wishlist\/","title":{"rendered":"\u0130stek listesi"},"content":{"rendered":"<div class=\"woosw-list\"><div class=\"woosw-popup-content-mid-message\">\u0130stek listesinde \u00fcr\u00fcn bulunmuyor!<\/div><\/div><!-- \/woosw-list -->","protected":false},"excerpt":{"rendered":"","protected":false},"author":1,"featured_media":0,"parent":0,"menu_order":0,"comment_status":"closed","ping_status":"closed","template":"","meta":{"footnotes":""},"class_list":["post-15","page","type-page","status-publish","hentry"],"_links":{"self":[{"href":"https:\/\/frame-mill.com\/tr\/wp-json\/wp\/v2\/pages\/15","targetHints":{"allow":["GET"]}}],"collection":[{"href":"https:\/\/frame-mill.com\/tr\/wp-json\/wp\/v2\/pages"}],"about":[{"href":"https:\/\/frame-mill.com\/tr\/wp-json\/wp\/v2\/types\/page"}],"author":[{"embeddable":true,"href":"https:\/\/frame-mill.com\/tr\/wp-json\/wp\/v2\/users\/1"}],"replies":[{"embeddable":true,"href":"https:\/\/frame-mill.com\/tr\/wp-json\/wp\/v2\/comments?post=15"}],"version-history":[{"count":0,"href":"https:\/\/frame-mill.com\/tr\/wp-json\/wp\/v2\/pages\/15\/revisions"}],"wp:attachment":[{"href":"https:\/\/frame-mill.com\/tr\/wp-json\/wp\/v2\/media?parent=15"}],"curies":[{"name":"wp","href":"https:\/\/api.w.org\/{rel}","templated":true}]}}